{"id":21524,"date":"2024-09-18T15:51:46","date_gmt":"2024-09-18T15:51:46","guid":{"rendered":"https:\/\/mercurifashion.com\/?page_id=21524"},"modified":"2024-09-18T16:31:03","modified_gmt":"2024-09-18T16:31:03","slug":"shipping","status":"publish","type":"page","link":"https:\/\/mercurifashion.com\/fr\/shipping\/","title":{"rendered":"Livraison"},"content":{"rendered":"<h2>Conditions d&rsquo;exp\u00e9dition pour MercuriFashion.com<\/h2>\n<p>&nbsp;<\/p>\n<p><strong>Livraison mondiale gratuite avec DHL Express<\/strong><br \/>\nNous sommes heureux d&rsquo;offrir une livraison mondiale gratuite avec DHL Express pour tous les achats effectu\u00e9s dans notre boutique en ligne. Notre objectif est d&rsquo;assurer une livraison rapide et fiable, o\u00f9 que vous soyez.<\/p>\n<h3>Emplacement des produits<\/h3>\n<p>Tous les articles disponibles sur MercuriFashion.com sont stock\u00e9s dans notre entrep\u00f4t en R\u00e9publique de Saint-Marin. Avant d&rsquo;\u00eatre exp\u00e9di\u00e9 en dehors des fronti\u00e8res de Saint-Marin, chaque produit subit une proc\u00e9dure douani\u00e8re obligatoire et re\u00e7oit une licence d&rsquo;exportation conform\u00e9ment aux lois de la R\u00e9publique de Saint-Marin. Les proc\u00e9dures d&rsquo;exportation et de douane sont conformes aux exigences du Code des douanes de la R\u00e9publique de Saint-Marin (Loi n\u00b0 122 de 2010).<\/p>\n<h3>Traitement des commandes<\/h3>\n<p>Apr\u00e8s avoir pass\u00e9 votre commande dans notre boutique en ligne, elle sera trait\u00e9e le jour ouvrable suivant. Si la commande est pass\u00e9e pendant un jour f\u00e9ri\u00e9 officiel ou une c\u00e9l\u00e9bration religieuse, son traitement sera retard\u00e9 jusqu&rsquo;au jour ouvrable suivant. Veuillez noter que nous ne traitons ni n&rsquo;exp\u00e9dions les commandes pendant les jours f\u00e9ri\u00e9s en R\u00e9publique de Saint-Marin. Pour une liste compl\u00e8te des jours f\u00e9ri\u00e9s, veuillez consulter le d\u00e9cret l\u00e9gislatif n\u00b0 100 de 1998.<\/p>\n<h3>M\u00e9thodes d&rsquo;exp\u00e9dition et d\u00e9lais de livraison<\/h3>\n<p>Toutes les commandes sont exp\u00e9di\u00e9es via DHL Express, qui assure une livraison fiable et rapide dans la plupart des pays du monde. Le d\u00e9lai de livraison moyen est de 2 \u00e0 3 jours ouvrables \u00e0 compter de la validation de votre commande. Cependant, les d\u00e9lais de livraison dans les r\u00e9gions \u00e9loign\u00e9es peuvent \u00eatre plus longs, selon les sp\u00e9cificit\u00e9s logistiques du pays et de la r\u00e9gion de destination.<\/p>\n<h3>Suivi de votre commande<\/h3>\n<p>Une fois que votre commande a \u00e9t\u00e9 trait\u00e9e et exp\u00e9di\u00e9e, vous recevrez un code de suivi par e-mail, fourni lors de votre commande. Vous pourrez utiliser ce code pour suivre le statut et la localisation de votre commande via le syst\u00e8me de suivi de DHL sur leur site officiel. Cela vous permettra de rester inform\u00e9 de l&rsquo;\u00e9volution de votre livraison.<\/p>\n<h3>Retards de livraison pendant les jours f\u00e9ri\u00e9s<\/h3>\n<p>Veuillez noter que pendant les f\u00eates religieuses et civiles, tant \u00e0 Saint-Marin qu&rsquo;\u00e0 l&rsquo;\u00e9tranger, les d\u00e9lais de traitement et de livraison peuvent \u00eatre prolong\u00e9s. Nous vous encourageons \u00e0 planifier vos achats \u00e0 l&rsquo;avance, en particulier pendant les grandes f\u00eates internationales telles que No\u00ebl et P\u00e2ques.<\/p>\n<h3>Garanties l\u00e9gales et droits des consommateurs<\/h3>\n<p>Tous les processus d&rsquo;exp\u00e9dition respectent la l\u00e9gislation en vigueur de la R\u00e9publique de Saint-Marin et les r\u00e9glementations commerciales internationales. Nous garantissons que toutes les obligations d&rsquo;exp\u00e9dition seront remplies dans les d\u00e9lais convenus. En tant que consommateur, vous avez le droit de retourner ou d&rsquo;\u00e9changer des produits conform\u00e9ment \u00e0 la Loi sur la protection des consommateurs n\u00b0 119 de 2005 de la R\u00e9publique de Saint-Marin.<\/p>\n<p>Nous nous effor\u00e7ons de fournir \u00e0 nos clients le meilleur service possible, en garantissant des livraisons rapides et fiables pour chaque achat.<\/p>\n","protected":false},"excerpt":{"rendered":"<p>Conditions d&rsquo;exp\u00e9dition pour MercuriFashion.com &nbsp; Livraison mondiale gratuite avec DHL Express Nous sommes heureux d&rsquo;offrir une livraison mondiale gratuite avec<\/p>\n","protected":false},"author":2,"featured_media":0,"parent":0,"menu_order":0,"comment_status":"closed","ping_status":"closed","template":"","meta":{"footnotes":""},"class_list":["post-21524","page","type-page","status-publish","hentry"],"_links":{"self":[{"href":"https:\/\/mercurifashion.com\/fr\/wp-json\/wp\/v2\/pages\/21524","targetHints":{"allow":["GET"]}}],"collection":[{"href":"https:\/\/mercurifashion.com\/fr\/wp-json\/wp\/v2\/pages"}],"about":[{"href":"https:\/\/mercurifashion.com\/fr\/wp-json\/wp\/v2\/types\/page"}],"author":[{"embeddable":true,"href":"https:\/\/mercurifashion.com\/fr\/wp-json\/wp\/v2\/users\/2"}],"replies":[{"embeddable":true,"href":"https:\/\/mercurifashion.com\/fr\/wp-json\/wp\/v2\/comments?post=21524"}],"version-history":[{"count":2,"href":"https:\/\/mercurifashion.com\/fr\/wp-json\/wp\/v2\/pages\/21524\/revisions"}],"predecessor-version":[{"id":21536,"href":"https:\/\/mercurifashion.com\/fr\/wp-json\/wp\/v2\/pages\/21524\/revisions\/21536"}],"wp:attachment":[{"href":"https:\/\/mercurifashion.com\/fr\/wp-json\/wp\/v2\/media?parent=21524"}],"curies":[{"name":"wp","href":"https:\/\/api.w.org\/{rel}","templated":true}]}}