{"id":21599,"date":"2024-09-16T11:53:14","date_gmt":"2024-09-16T11:53:14","guid":{"rendered":"https:\/\/mercurifashion.com\/?page_id=21599"},"modified":"2024-09-30T18:56:00","modified_gmt":"2024-09-30T18:56:00","slug":"size-guide","status":"publish","type":"page","link":"https:\/\/mercurifashion.com\/fr\/size-guide\/","title":{"rendered":"Guide des tailles"},"content":{"rendered":"<p><div class=\"fusion-fullwidth fullwidth-box fusion-builder-row-1 fusion-flex-container has-pattern-background has-mask-background nonhundred-percent-fullwidth non-hundred-percent-height-scrolling\" style=\"--awb-border-radius-top-left:0px;--awb-border-radius-top-right:0px;--awb-border-radius-bottom-right:0px;--awb-border-radius-bottom-left:0px;--awb-flex-wrap:wrap;\" ><div class=\"fusion-builder-row fusion-row fusion-flex-align-items-flex-start fusion-flex-content-wrap\" style=\"max-width:1216.8px;margin-left: calc(-4% \/ 2 );margin-right: calc(-4% \/ 2 );\"><div class=\"fusion-layout-column fusion_builder_column fusion-builder-column-0 fusion_builder_column_1_1 1_1 fusion-flex-column\" style=\"--awb-bg-size:cover;--awb-width-large:100%;--awb-margin-top-large:15px;--awb-spacing-right-large:1.92%;--awb-margin-bottom-large:15px;--awb-spacing-left-large:1.92%;--awb-width-medium:100%;--awb-order-medium:0;--awb-spacing-right-medium:1.92%;--awb-spacing-left-medium:1.92%;--awb-width-small:100%;--awb-order-small:0;--awb-spacing-right-small:1.92%;--awb-spacing-left-small:1.92%;\"><div class=\"fusion-column-wrapper fusion-column-has-shadow fusion-flex-justify-content-flex-start fusion-content-layout-column\"><div class=\"fusion-title title fusion-title-1 fusion-title-text fusion-title-size-one\"><div class=\"title-sep-container title-sep-container-left fusion-no-large-visibility fusion-no-medium-visibility fusion-no-small-visibility\"><div class=\"title-sep sep- sep-solid\" style=\"border-color:var(--awb-color3);\"><\/div><\/div><span class=\"awb-title-spacer fusion-no-large-visibility fusion-no-medium-visibility fusion-no-small-visibility\"><\/span><h1 class=\"fusion-title-heading title-heading-left fusion-responsive-typography-calculated\" style=\"margin:0;text-transform:none;--fontSize:50;line-height:var(--awb-typography1-line-height);\">Guide des tailles<\/h1><span class=\"awb-title-spacer\"><\/span><div class=\"title-sep-container title-sep-container-right\"><div class=\"title-sep sep- sep-solid\" style=\"border-color:var(--awb-color3);\"><\/div><\/div><\/div><div class=\"fusion-text fusion-text-1\"><p>Ce tableau propose une conversion approximative de la taille indiqu\u00e9e sur l&rsquo;\u00e9tiquette de chaque article dans les diff\u00e9rentes normes de taille des pays.<\/p>\n<\/div><\/div><\/div><\/div><\/div><div class=\"fusion-fullwidth fullwidth-box fusion-builder-row-2 fusion-flex-container has-pattern-background has-mask-background nonhundred-percent-fullwidth non-hundred-percent-height-scrolling\" style=\"--awb-border-radius-top-left:0px;--awb-border-radius-top-right:0px;--awb-border-radius-bottom-right:0px;--awb-border-radius-bottom-left:0px;--awb-flex-wrap:wrap;\" ><div class=\"fusion-builder-row fusion-row fusion-flex-align-items-flex-start fusion-flex-content-wrap\" style=\"max-width:1216.8px;margin-left: calc(-4% \/ 2 );margin-right: calc(-4% \/ 2 );\"><div class=\"fusion-layout-column fusion_builder_column fusion-builder-column-1 fusion_builder_column_1_1 1_1 fusion-flex-column\" style=\"--awb-bg-size:cover;--awb-width-large:100%;--awb-margin-top-large:15px;--awb-spacing-right-large:1.92%;--awb-margin-bottom-large:15px;--awb-spacing-left-large:1.92%;--awb-width-medium:100%;--awb-order-medium:0;--awb-spacing-right-medium:1.92%;--awb-spacing-left-medium:1.92%;--awb-width-small:100%;--awb-order-small:0;--awb-spacing-right-small:1.92%;--awb-spacing-left-small:1.92%;\"><div class=\"fusion-column-wrapper fusion-column-has-shadow fusion-flex-justify-content-flex-start fusion-content-layout-column\"><div class=\"fusion-text fusion-text-2\"><h3>PR\u00caT \u00c0 PORTER<\/h3>\n<p>Y compris : robes, tricots, hauts, chemises, pantalons et jupes.<\/p>\n<\/div>\n<div class=\"table-1\">\n<table width=\"100%\">\n<thead>\n<tr>\n<th align=\"left\">INTERNATIONAL<\/th>\n<th align=\"left\">XS<\/th>\n<th align=\"left\">S<\/th>\n<th align=\"left\">S-M<\/th>\n<th align=\"left\">M<\/th>\n<th align=\"left\">M-L<\/th>\n<th align=\"left\">L<\/th>\n<th align=\"left\">L-XL<\/th>\n<th align=\"left\">XL<\/th>\n<th align=\"left\">XXL<\/th>\n<\/tr>\n<\/thead>\n<tbody>\n<tr>\n<td align=\"left\">IT<\/td>\n<td align=\"left\">36<\/td>\n<td align=\"left\">38<\/td>\n<td align=\"left\">40<\/td>\n<td align=\"left\">42<\/td>\n<td align=\"left\">44<\/td>\n<td align=\"left\">46<\/td>\n<td align=\"left\">48<\/td>\n<td align=\"left\">50<\/td>\n<td align=\"left\">52<\/td>\n<\/tr>\n<tr>\n<td align=\"left\">UK<\/td>\n<td align=\"left\">4<\/td>\n<td align=\"left\">6<\/td>\n<td align=\"left\">8<\/td>\n<td align=\"left\">10<\/td>\n<td align=\"left\">12<\/td>\n<td align=\"left\">14<\/td>\n<td align=\"left\">16<\/td>\n<td align=\"left\">18<\/td>\n<td align=\"left\">20<\/td>\n<\/tr>\n<tr>\n<td align=\"left\">FR\/BE<\/td>\n<td align=\"left\">34<\/td>\n<td align=\"left\">36<\/td>\n<td align=\"left\">38<\/td>\n<td align=\"left\">40<\/td>\n<td align=\"left\">42<\/td>\n<td align=\"left\">44<\/td>\n<td align=\"left\">46<\/td>\n<td align=\"left\">48<\/td>\n<td align=\"left\">50<\/td>\n<\/tr>\n<tr>\n<td align=\"left\">DE\/AT\/NL\/CH\/ES<\/td>\n<td align=\"left\">32<\/td>\n<td align=\"left\">34<\/td>\n<td align=\"left\">36<\/td>\n<td align=\"left\">38<\/td>\n<td align=\"left\">40<\/td>\n<td align=\"left\">42<\/td>\n<td align=\"left\">44<\/td>\n<td align=\"left\">46<\/td>\n<td align=\"left\">48<\/td>\n<\/tr>\n<tr>\n<td align=\"left\">US\/CA<\/td>\n<td align=\"left\">2<\/td>\n<td align=\"left\">4<\/td>\n<td align=\"left\">6<\/td>\n<td align=\"left\">8<\/td>\n<td align=\"left\">10<\/td>\n<td align=\"left\">12<\/td>\n<td align=\"left\">14<\/td>\n<td align=\"left\">16<\/td>\n<td align=\"left\">18<\/td>\n<\/tr>\n<tr>\n<td align=\"left\">MX<\/td>\n<td align=\"left\">24<\/td>\n<td align=\"left\">26<\/td>\n<td align=\"left\">28<\/td>\n<td align=\"left\">30<\/td>\n<td align=\"left\">32<\/td>\n<td align=\"left\">34<\/td>\n<td align=\"left\">36<\/td>\n<td align=\"left\">38<\/td>\n<td align=\"left\">40<\/td>\n<\/tr>\n<\/tbody>\n<\/table>\n<\/div>\n<\/div><\/div><\/div><\/div><div class=\"fusion-fullwidth fullwidth-box fusion-builder-row-3 fusion-flex-container has-pattern-background has-mask-background nonhundred-percent-fullwidth non-hundred-percent-height-scrolling\" style=\"--awb-border-radius-top-left:0px;--awb-border-radius-top-right:0px;--awb-border-radius-bottom-right:0px;--awb-border-radius-bottom-left:0px;--awb-margin-top:30px;--awb-flex-wrap:wrap;\" ><div class=\"fusion-builder-row fusion-row fusion-flex-align-items-flex-start fusion-flex-content-wrap\" style=\"max-width:1216.8px;margin-left: calc(-4% \/ 2 );margin-right: calc(-4% \/ 2 );\"><div class=\"fusion-layout-column fusion_builder_column fusion-builder-column-2 fusion_builder_column_1_1 1_1 fusion-flex-column\" style=\"--awb-bg-size:cover;--awb-width-large:100%;--awb-margin-top-large:15px;--awb-spacing-right-large:1.92%;--awb-margin-bottom-large:15px;--awb-spacing-left-large:1.92%;--awb-width-medium:100%;--awb-order-medium:0;--awb-spacing-right-medium:1.92%;--awb-spacing-left-medium:1.92%;--awb-width-small:100%;--awb-order-small:0;--awb-spacing-right-small:1.92%;--awb-spacing-left-small:1.92%;\"><div class=\"fusion-column-wrapper fusion-column-has-shadow fusion-flex-justify-content-flex-start fusion-content-layout-column\"><div class=\"fusion-text fusion-text-3\"><h3>PR\u00caT-\u00c0-PORTER &#8211; ENFANTS<\/h3>\n<p>Incluant : manteaux.<\/p>\n<\/div>\n<div class=\"table-1\">\n<table width=\"100%\">\n<thead>\n<tr>\n<th align=\"left\">INTERNATIONAL<\/th>\n<th align=\"left\">S<\/th>\n<th align=\"left\">M<\/th>\n<th align=\"left\">L<\/th>\n<\/tr>\n<\/thead>\n<tbody>\n<tr>\n<td align=\"left\">HAUTEUR (cm)<\/td>\n<td align=\"left\">115-125<\/td>\n<td align=\"left\">125-135<\/td>\n<td align=\"left\">135-145<\/td>\n<\/tr>\n<tr>\n<td align=\"left\">HAUTEUR (in)<\/td>\n<td align=\"left\">3&rsquo;9&Prime; &#8211; 4&rsquo;1&Prime;<\/td>\n<td align=\"left\">4&rsquo;1&Prime; &#8211; 4&rsquo;5&Prime;<\/td>\n<td align=\"left\">4&rsquo;5&Prime; &#8211; 4&rsquo;9&Prime;<\/td>\n<\/tr>\n<\/tbody>\n<\/table>\n<\/div>\n<\/div><\/div><\/div><\/div><div class=\"fusion-fullwidth fullwidth-box fusion-builder-row-4 fusion-flex-container has-pattern-background has-mask-background nonhundred-percent-fullwidth non-hundred-percent-height-scrolling\" style=\"--awb-border-radius-top-left:0px;--awb-border-radius-top-right:0px;--awb-border-radius-bottom-right:0px;--awb-border-radius-bottom-left:0px;--awb-margin-top:30px;--awb-flex-wrap:wrap;\" ><div class=\"fusion-builder-row fusion-row fusion-flex-align-items-flex-start fusion-flex-content-wrap\" style=\"max-width:1216.8px;margin-left: calc(-4% \/ 2 );margin-right: calc(-4% \/ 2 );\"><div class=\"fusion-layout-column fusion_builder_column fusion-builder-column-3 fusion_builder_column_1_1 1_1 fusion-flex-column\" style=\"--awb-bg-size:cover;--awb-width-large:100%;--awb-margin-top-large:15px;--awb-spacing-right-large:1.92%;--awb-margin-bottom-large:15px;--awb-spacing-left-large:1.92%;--awb-width-medium:100%;--awb-order-medium:0;--awb-spacing-right-medium:1.92%;--awb-spacing-left-medium:1.92%;--awb-width-small:100%;--awb-order-small:0;--awb-spacing-right-small:1.92%;--awb-spacing-left-small:1.92%;\"><div class=\"fusion-column-wrapper fusion-column-has-shadow fusion-flex-justify-content-flex-start fusion-content-layout-column\"><div class=\"fusion-text fusion-text-4 fusion-text-no-margin\" style=\"--awb-margin-bottom:20px;\"><h3>V\u00caTEMENTS DE PLAGE<\/h3>\n<\/div>\n<div class=\"table-1\">\n<table width=\"100%\">\n<thead>\n<tr>\n<th align=\"left\">INTERNATIONAL<\/th>\n<th align=\"left\">XS<\/th>\n<th align=\"left\">S<\/th>\n<th align=\"left\">M<\/th>\n<th align=\"left\">L<\/th>\n<th align=\"left\">XL<\/th>\n<\/tr>\n<\/thead>\n<tbody>\n<tr>\n<td align=\"left\">TAILLE ITALIENNE<\/td>\n<td align=\"left\">I\u00b0<\/td>\n<td align=\"left\">II\u00b0<\/td>\n<td align=\"left\">III\u00b0<\/td>\n<td align=\"left\">IV\u00b0<\/td>\n<td align=\"left\">V\u00b0<\/td>\n<\/tr>\n<\/tbody>\n<\/table>\n<\/div>\n<\/div><\/div><\/div><\/div><div class=\"fusion-fullwidth fullwidth-box fusion-builder-row-5 fusion-flex-container has-pattern-background has-mask-background nonhundred-percent-fullwidth non-hundred-percent-height-scrolling\" style=\"--awb-border-radius-top-left:0px;--awb-border-radius-top-right:0px;--awb-border-radius-bottom-right:0px;--awb-border-radius-bottom-left:0px;--awb-margin-top:30px;--awb-flex-wrap:wrap;\" ><div class=\"fusion-builder-row fusion-row fusion-flex-align-items-flex-start fusion-flex-content-wrap\" style=\"max-width:1216.8px;margin-left: calc(-4% \/ 2 );margin-right: calc(-4% \/ 2 );\"><div class=\"fusion-layout-column fusion_builder_column fusion-builder-column-4 fusion_builder_column_1_1 1_1 fusion-flex-column\" style=\"--awb-bg-size:cover;--awb-width-large:100%;--awb-margin-top-large:15px;--awb-spacing-right-large:1.92%;--awb-margin-bottom-large:15px;--awb-spacing-left-large:1.92%;--awb-width-medium:100%;--awb-order-medium:0;--awb-spacing-right-medium:1.92%;--awb-spacing-left-medium:1.92%;--awb-width-small:100%;--awb-order-small:0;--awb-spacing-right-small:1.92%;--awb-spacing-left-small:1.92%;\"><div class=\"fusion-column-wrapper fusion-column-has-shadow fusion-flex-justify-content-flex-start fusion-content-layout-column\"><div class=\"fusion-text fusion-text-5 fusion-text-no-margin\" style=\"--awb-margin-bottom:20px;\"><h3>JEANS<\/h3>\n<\/div>\n<div class=\"table-1\">\n<table width=\"100%\">\n<thead>\n<tr>\n<th align=\"left\">INTERNATIONAL<\/th>\n<th align=\"left\">XS<\/th>\n<th align=\"left\">S<\/th>\n<th align=\"left\">S-M<\/th>\n<th align=\"left\">M<\/th>\n<th align=\"left\">M-L<\/th>\n<th align=\"left\">L<\/th>\n<th align=\"left\">L-XL<\/th>\n<th align=\"left\">XL<\/th>\n<th align=\"left\">XXL<\/th>\n<\/tr>\n<\/thead>\n<tbody>\n<tr>\n<td align=\"left\">TAILLE DE LA TAILLE<\/td>\n<td align=\"left\">25<\/td>\n<td align=\"left\">26<\/td>\n<td align=\"left\">27<\/td>\n<td align=\"left\">28<\/td>\n<td align=\"left\">29<\/td>\n<td align=\"left\">30<\/td>\n<td align=\"left\">31<\/td>\n<td align=\"left\">32<\/td>\n<td align=\"left\">33<\/td>\n<\/tr>\n<tr>\n<td align=\"left\">IT<\/td>\n<td align=\"left\">36<\/td>\n<td align=\"left\">38<\/td>\n<td align=\"left\">40<\/td>\n<td align=\"left\">42<\/td>\n<td align=\"left\">44<\/td>\n<td align=\"left\">46<\/td>\n<td align=\"left\">48<\/td>\n<td align=\"left\">50<\/td>\n<td align=\"left\">52<\/td>\n<\/tr>\n<tr>\n<td align=\"left\">UK<\/td>\n<td align=\"left\">4<\/td>\n<td align=\"left\">6<\/td>\n<td align=\"left\">8<\/td>\n<td align=\"left\">10<\/td>\n<td align=\"left\">12<\/td>\n<td align=\"left\">14<\/td>\n<td align=\"left\">16<\/td>\n<td align=\"left\">18<\/td>\n<td align=\"left\">20<\/td>\n<\/tr>\n<tr>\n<td align=\"left\">FR\/BE<\/td>\n<td align=\"left\">34<\/td>\n<td align=\"left\">36<\/td>\n<td align=\"left\">38<\/td>\n<td align=\"left\">40<\/td>\n<td align=\"left\">42<\/td>\n<td align=\"left\">44<\/td>\n<td align=\"left\">46<\/td>\n<td align=\"left\">48<\/td>\n<td align=\"left\">50<\/td>\n<\/tr>\n<tr>\n<td align=\"left\">DE\/AT\/NL\/CH\/ES<\/td>\n<td align=\"left\">32<\/td>\n<td align=\"left\">34<\/td>\n<td align=\"left\">36<\/td>\n<td align=\"left\">38<\/td>\n<td align=\"left\">40<\/td>\n<td align=\"left\">42<\/td>\n<td align=\"left\">44<\/td>\n<td align=\"left\">46<\/td>\n<td align=\"left\">48<\/td>\n<\/tr>\n<tr>\n<td align=\"left\">US\/CA<\/td>\n<td align=\"left\">2<\/td>\n<td align=\"left\">4<\/td>\n<td align=\"left\">6<\/td>\n<td align=\"left\">8<\/td>\n<td align=\"left\">10<\/td>\n<td align=\"left\">12<\/td>\n<td align=\"left\">14<\/td>\n<td align=\"left\">16<\/td>\n<td align=\"left\">18<\/td>\n<\/tr>\n<tr>\n<td align=\"left\">MX<\/td>\n<td align=\"left\">24<\/td>\n<td align=\"left\">26<\/td>\n<td align=\"left\">28<\/td>\n<td align=\"left\">30<\/td>\n<td align=\"left\">32<\/td>\n<td align=\"left\">34<\/td>\n<td align=\"left\">36<\/td>\n<td align=\"left\">38<\/td>\n<td align=\"left\">40<\/td>\n<\/tr>\n<\/tbody>\n<\/table>\n<\/div>\n<\/div><\/div><\/div><\/div><div class=\"fusion-fullwidth fullwidth-box fusion-builder-row-6 fusion-flex-container has-pattern-background has-mask-background nonhundred-percent-fullwidth non-hundred-percent-height-scrolling\" style=\"--awb-border-radius-top-left:0px;--awb-border-radius-top-right:0px;--awb-border-radius-bottom-right:0px;--awb-border-radius-bottom-left:0px;--awb-margin-top:30px;--awb-flex-wrap:wrap;\" ><div class=\"fusion-builder-row fusion-row fusion-flex-align-items-flex-start fusion-flex-content-wrap\" style=\"max-width:1216.8px;margin-left: calc(-4% \/ 2 );margin-right: calc(-4% \/ 2 );\"><div class=\"fusion-layout-column fusion_builder_column fusion-builder-column-5 fusion_builder_column_1_1 1_1 fusion-flex-column\" style=\"--awb-bg-size:cover;--awb-width-large:100%;--awb-margin-top-large:15px;--awb-spacing-right-large:1.92%;--awb-margin-bottom-large:15px;--awb-spacing-left-large:1.92%;--awb-width-medium:100%;--awb-order-medium:0;--awb-spacing-right-medium:1.92%;--awb-spacing-left-medium:1.92%;--awb-width-small:100%;--awb-order-small:0;--awb-spacing-right-small:1.92%;--awb-spacing-left-small:1.92%;\"><div class=\"fusion-column-wrapper fusion-column-has-shadow fusion-flex-justify-content-flex-start fusion-content-layout-column\"><div class=\"fusion-text fusion-text-6 fusion-text-no-margin\" style=\"--awb-margin-bottom:20px;\"><h3>CHAUSSURES<\/h3>\n<\/div>\n<div class=\"table-1\">\n<table width=\"100%\">\n<thead>\n<tr>\n<th align=\"left\">IT\/FR\/ES\/DE<\/th>\n<th align=\"left\">34<\/th>\n<th align=\"left\">34.5<\/th>\n<th align=\"left\">35<\/th>\n<th align=\"left\">35.5<\/th>\n<th align=\"left\">36<\/th>\n<th align=\"left\">36.5<\/th>\n<th align=\"left\">37<\/th>\n<th align=\"left\">37.5<\/th>\n<th align=\"left\">38<\/th>\n<th align=\"left\">38.5<\/th>\n<th align=\"left\">39<\/th>\n<th align=\"left\">39.5<\/th>\n<th align=\"left\">40<\/th>\n<th align=\"left\">41<\/th>\n<th align=\"left\">42<\/th>\n<\/tr>\n<\/thead>\n<tbody>\n<tr>\n<td align=\"left\">UK<\/td>\n<td align=\"left\">1<\/td>\n<td align=\"left\">1.5<\/td>\n<td align=\"left\">2<\/td>\n<td align=\"left\">2.5<\/td>\n<td align=\"left\">3<\/td>\n<td align=\"left\">3.5<\/td>\n<td align=\"left\">4<\/td>\n<td align=\"left\">4.5<\/td>\n<td align=\"left\">5<\/td>\n<td align=\"left\">5.5<\/td>\n<td align=\"left\">6<\/td>\n<td align=\"left\">6.5<\/td>\n<td align=\"left\">7<\/td>\n<td align=\"left\">8<\/td>\n<td align=\"left\">9<\/td>\n<\/tr>\n<tr>\n<td align=\"left\">US<\/td>\n<td align=\"left\">4<\/td>\n<td align=\"left\">4.5<\/td>\n<td align=\"left\">5<\/td>\n<td align=\"left\">5.5<\/td>\n<td align=\"left\">6<\/td>\n<td align=\"left\">6.5<\/td>\n<td align=\"left\">7<\/td>\n<td align=\"left\">7.5<\/td>\n<td align=\"left\">8<\/td>\n<td align=\"left\">8.5<\/td>\n<td align=\"left\">9<\/td>\n<td align=\"left\">9.5<\/td>\n<td align=\"left\">10<\/td>\n<td align=\"left\">11<\/td>\n<td align=\"left\">12<\/td>\n<\/tr>\n<\/tbody>\n<\/table>\n<\/div>\n<\/div><\/div><\/div><\/div><div class=\"fusion-fullwidth fullwidth-box fusion-builder-row-7 fusion-flex-container has-pattern-background has-mask-background nonhundred-percent-fullwidth non-hundred-percent-height-scrolling\" style=\"--awb-border-radius-top-left:0px;--awb-border-radius-top-right:0px;--awb-border-radius-bottom-right:0px;--awb-border-radius-bottom-left:0px;--awb-margin-top:30px;--awb-flex-wrap:wrap;\" ><div class=\"fusion-builder-row fusion-row fusion-flex-align-items-flex-start fusion-flex-content-wrap\" style=\"max-width:1216.8px;margin-left: calc(-4% \/ 2 );margin-right: calc(-4% \/ 2 );\"><div class=\"fusion-layout-column fusion_builder_column fusion-builder-column-6 fusion_builder_column_1_1 1_1 fusion-flex-column\" style=\"--awb-bg-size:cover;--awb-width-large:100%;--awb-margin-top-large:15px;--awb-spacing-right-large:1.92%;--awb-margin-bottom-large:15px;--awb-spacing-left-large:1.92%;--awb-width-medium:100%;--awb-order-medium:0;--awb-spacing-right-medium:1.92%;--awb-spacing-left-medium:1.92%;--awb-width-small:100%;--awb-order-small:0;--awb-spacing-right-small:1.92%;--awb-spacing-left-small:1.92%;\"><div class=\"fusion-column-wrapper fusion-column-has-shadow fusion-flex-justify-content-flex-start fusion-content-layout-column\"><div class=\"fusion-text fusion-text-7 fusion-text-no-margin\" style=\"--awb-margin-bottom:20px;\"><h3>GANTS &#8211; ENFANTS<\/h3>\n<\/div>\n<div class=\"table-1\">\n<table width=\"100%\">\n<thead>\n<tr>\n<th align=\"left\">INTERNATIONAL<\/th>\n<th align=\"left\">S\/M<\/th>\n<th align=\"left\">M\/L<\/th>\n<\/tr>\n<\/thead>\n<tbody>\n<tr>\n<td align=\"left\">L&rsquo;\u00e2ge<\/td>\n<td align=\"left\">6-8<\/td>\n<td align=\"left\">8-10<\/td>\n<\/tr>\n<\/tbody>\n<\/table>\n<\/div>\n<\/div><\/div><\/div><\/div><div class=\"fusion-fullwidth fullwidth-box fusion-builder-row-8 fusion-flex-container has-pattern-background has-mask-background nonhundred-percent-fullwidth non-hundred-percent-height-scrolling\" style=\"--awb-border-radius-top-left:0px;--awb-border-radius-top-right:0px;--awb-border-radius-bottom-right:0px;--awb-border-radius-bottom-left:0px;--awb-margin-top:30px;--awb-flex-wrap:wrap;\" ><div class=\"fusion-builder-row fusion-row fusion-flex-align-items-flex-start fusion-flex-content-wrap\" style=\"max-width:1216.8px;margin-left: calc(-4% \/ 2 );margin-right: calc(-4% \/ 2 );\"><div class=\"fusion-layout-column fusion_builder_column fusion-builder-column-7 fusion_builder_column_1_1 1_1 fusion-flex-column\" style=\"--awb-bg-size:cover;--awb-width-large:100%;--awb-margin-top-large:15px;--awb-spacing-right-large:1.92%;--awb-margin-bottom-large:15px;--awb-spacing-left-large:1.92%;--awb-width-medium:100%;--awb-order-medium:0;--awb-spacing-right-medium:1.92%;--awb-spacing-left-medium:1.92%;--awb-width-small:100%;--awb-order-small:0;--awb-spacing-right-small:1.92%;--awb-spacing-left-small:1.92%;\"><div class=\"fusion-column-wrapper fusion-column-has-shadow fusion-flex-justify-content-flex-start fusion-content-layout-column\"><div class=\"fusion-text fusion-text-8 fusion-text-no-margin\" style=\"--awb-margin-bottom:20px;\"><h3>CHAPEAUX<\/h3>\n<\/div>\n<div class=\"table-1\">\n<table width=\"100%\">\n<thead>\n<tr>\n<th align=\"left\">INTERNATIONAL<\/th>\n<th align=\"left\">S<\/th>\n<th align=\"left\">M<\/th>\n<th align=\"left\">L<\/th>\n<\/tr>\n<\/thead>\n<tbody>\n<tr>\n<td align=\"left\">LE P\u00c9RIM\u00c8TRE CR\u00c2NIEN (cm)<\/td>\n<td align=\"left\">56<\/td>\n<td align=\"left\">57<\/td>\n<td align=\"left\">58<\/td>\n<\/tr>\n<tr>\n<td align=\"left\">LE P\u00c9RIM\u00c8TRE CR\u00c2NIEN (in)<\/td>\n<td align=\"left\">22<\/td>\n<td align=\"left\">22.4<\/td>\n<td align=\"left\">22.8<\/td>\n<\/tr>\n<\/tbody>\n<\/table>\n<\/div>\n<\/div><\/div><\/div><\/div><div class=\"fusion-fullwidth fullwidth-box fusion-builder-row-9 fusion-flex-container has-pattern-background has-mask-background nonhundred-percent-fullwidth non-hundred-percent-height-scrolling\" style=\"--awb-border-radius-top-left:0px;--awb-border-radius-top-right:0px;--awb-border-radius-bottom-right:0px;--awb-border-radius-bottom-left:0px;--awb-margin-top:30px;--awb-flex-wrap:wrap;\" ><div class=\"fusion-builder-row fusion-row fusion-flex-align-items-flex-start fusion-flex-content-wrap\" style=\"max-width:1216.8px;margin-left: calc(-4% \/ 2 );margin-right: calc(-4% \/ 2 );\"><div class=\"fusion-layout-column fusion_builder_column fusion-builder-column-8 fusion_builder_column_1_1 1_1 fusion-flex-column\" style=\"--awb-bg-size:cover;--awb-width-large:100%;--awb-margin-top-large:15px;--awb-spacing-right-large:1.92%;--awb-margin-bottom-large:15px;--awb-spacing-left-large:1.92%;--awb-width-medium:100%;--awb-order-medium:0;--awb-spacing-right-medium:1.92%;--awb-spacing-left-medium:1.92%;--awb-width-small:100%;--awb-order-small:0;--awb-spacing-right-small:1.92%;--awb-spacing-left-small:1.92%;\"><div class=\"fusion-column-wrapper fusion-column-has-shadow fusion-flex-justify-content-flex-start fusion-content-layout-column\"><div class=\"fusion-text fusion-text-9 fusion-text-no-margin\" style=\"--awb-margin-bottom:20px;\"><h3>CHAPEAUX &#8211; ENFANTS<\/h3>\n<\/div>\n<div class=\"table-1\">\n<table width=\"100%\">\n<thead>\n<tr>\n<th align=\"left\">INTERNATIONAL<\/th>\n<th align=\"left\">S<\/th>\n<th align=\"left\">M<\/th>\n<th align=\"left\">L<\/th>\n<\/tr>\n<\/thead>\n<tbody>\n<tr>\n<td align=\"left\">LE P\u00c9RIM\u00c8TRE CR\u00c2NIEN (cm)<\/td>\n<td align=\"left\">48<\/td>\n<td align=\"left\">50<\/td>\n<td align=\"left\">52<\/td>\n<\/tr>\n<tr>\n<td align=\"left\">LE P\u00c9RIM\u00c8TRE CR\u00c2NIEN (in)<\/td>\n<td align=\"left\">18.9<\/td>\n<td align=\"left\">19.7<\/td>\n<td align=\"left\">20.5<\/td>\n<\/tr>\n<\/tbody>\n<\/table>\n<\/div>\n<\/div><\/div><\/div><\/div><\/p>\n","protected":false},"excerpt":{"rendered":"","protected":false},"author":2,"featured_media":0,"parent":0,"menu_order":0,"comment_status":"closed","ping_status":"closed","template":"","meta":{"footnotes":""},"class_list":["post-21599","page","type-page","status-publish","hentry"],"_links":{"self":[{"href":"https:\/\/mercurifashion.com\/fr\/wp-json\/wp\/v2\/pages\/21599","targetHints":{"allow":["GET"]}}],"collection":[{"href":"https:\/\/mercurifashion.com\/fr\/wp-json\/wp\/v2\/pages"}],"about":[{"href":"https:\/\/mercurifashion.com\/fr\/wp-json\/wp\/v2\/types\/page"}],"author":[{"embeddable":true,"href":"https:\/\/mercurifashion.com\/fr\/wp-json\/wp\/v2\/users\/2"}],"replies":[{"embeddable":true,"href":"https:\/\/mercurifashion.com\/fr\/wp-json\/wp\/v2\/comments?post=21599"}],"version-history":[{"count":4,"href":"https:\/\/mercurifashion.com\/fr\/wp-json\/wp\/v2\/pages\/21599\/revisions"}],"predecessor-version":[{"id":21603,"href":"https:\/\/mercurifashion.com\/fr\/wp-json\/wp\/v2\/pages\/21599\/revisions\/21603"}],"wp:attachment":[{"href":"https:\/\/mercurifashion.com\/fr\/wp-json\/wp\/v2\/media?parent=21599"}],"curies":[{"name":"wp","href":"https:\/\/api.w.org\/{rel}","templated":true}]}}