{"id":22877,"date":"2024-10-30T19:15:56","date_gmt":"2024-10-30T19:15:56","guid":{"rendered":"https:\/\/mercurifashion.com\/?post_type=product&#038;p=22877"},"modified":"2024-11-11T16:00:36","modified_gmt":"2024-11-11T16:00:36","slug":"max-mara-studio-manteau-en-alpaga-et-laine-vierge","status":"publish","type":"product","link":"https:\/\/mercurifashion.com\/fr\/product\/max-mara-studio-manteau-en-alpaga-et-laine-vierge\/","title":{"rendered":"MAX MARA STUDIO : Manteau en alpaga et laine vierge"},"content":{"rendered":"<p><strong>Manteau Peignoir pour Femme :<\/strong><br \/>\nAlpaga et laine beaver<br \/>\nManches kimono longues<br \/>\nFermeture avec ceinture<br \/>\nCol ch\u00e2le en V<br \/>\nPoches lat\u00e9rales<br \/>\nFinition couture ajust\u00e9e<br \/>\nDoubl\u00e9<br \/>\nCoupe standard<br \/>\nCouleur : Noir<\/p>\n","protected":false},"excerpt":{"rendered":"<p>Ce manteau noir de Max Mara Studio combine alpaga et laine vierge, avec une fermeture ceintur\u00e9e, des manches kimono et un col ch\u00e2le en V. Con\u00e7u avec une finition ajust\u00e9e et doubl\u00e9 pour plus de confort, il offre un look intemporel avec une coupe r\u00e9guli\u00e8re.<\/p>\n<p><strong>Composition<\/strong> :<br \/>\n70% Alpaga, 30% Laine Vierge<br \/>\nDoublure : 100% Viscose<\/p>\n","protected":false},"featured_media":21914,"comment_status":"open","ping_status":"closed","template":"","meta":[],"product_brand":[],"product_cat":[205,143],"product_tag":[],"class_list":{"0":"post-22877","1":"product","2":"type-product","3":"status-publish","4":"has-post-thumbnail","6":"product_cat-coat","7":"product_cat-max-mara-fr","9":"first","10":"instock","11":"featured","12":"shipping-taxable","13":"purchasable","14":"product-type-variable"},"_links":{"self":[{"href":"https:\/\/mercurifashion.com\/fr\/wp-json\/wp\/v2\/product\/22877","targetHints":{"allow":["GET"]}}],"collection":[{"href":"https:\/\/mercurifashion.com\/fr\/wp-json\/wp\/v2\/product"}],"about":[{"href":"https:\/\/mercurifashion.com\/fr\/wp-json\/wp\/v2\/types\/product"}],"replies":[{"embeddable":true,"href":"https:\/\/mercurifashion.com\/fr\/wp-json\/wp\/v2\/comments?post=22877"}],"wp:featuredmedia":[{"embeddable":true,"href":"https:\/\/mercurifashion.com\/fr\/wp-json\/wp\/v2\/media\/21914"}],"wp:attachment":[{"href":"https:\/\/mercurifashion.com\/fr\/wp-json\/wp\/v2\/media?parent=22877"}],"wp:term":[{"taxonomy":"product_brand","embeddable":true,"href":"https:\/\/mercurifashion.com\/fr\/wp-json\/wp\/v2\/product_brand?post=22877"},{"taxonomy":"product_cat","embeddable":true,"href":"https:\/\/mercurifashion.com\/fr\/wp-json\/wp\/v2\/product_cat?post=22877"},{"taxonomy":"product_tag","embeddable":true,"href":"https:\/\/mercurifashion.com\/fr\/wp-json\/wp\/v2\/product_tag?post=22877"}],"curies":[{"name":"wp","href":"https:\/\/api.w.org\/{rel}","templated":true}]}}