{"id":22892,"date":"2024-10-31T13:46:06","date_gmt":"2024-10-31T13:46:06","guid":{"rendered":"https:\/\/mercurifashion.com\/?post_type=product&#038;p=22892"},"modified":"2024-11-11T16:09:13","modified_gmt":"2024-11-11T16:09:13","slug":"max-mara-studio-manteau-en-laine-et-cachemire-cles","status":"publish","type":"product","link":"https:\/\/mercurifashion.com\/fr\/product\/max-mara-studio-manteau-en-laine-et-cachemire-cles\/","title":{"rendered":"MAX MARA STUDIO : Manteau en laine et cachemire CLES"},"content":{"rendered":"<p><strong>Manteau pour Femme style peignoir :<\/strong><br \/>\nManches longues<br \/>\nLarge col \u00e0 revers<br \/>\nCol en V<br \/>\nFermeture avec ceinture amovible \u00e0 la taille<br \/>\nPoches lat\u00e9rales<br \/>\nCoupe standard<br \/>\nCouleur : Camel<\/p>\n","protected":false},"excerpt":{"rendered":"<p>Ce manteau camel \u00e9l\u00e9gant de Max Mara Studio associe une laine vierge luxueuse avec une touche de sophistication intemporelle. Avec sa coupe style peignoir, il comprend un large col \u00e0 revers, des manches longues, une ceinture amovible \u00e0 la taille et des poches lat\u00e9rales pour un look classique et raffin\u00e9.<\/p>\n<p><strong>Composition<\/strong> :<br \/>\n88% Laine Vierge, 6% Soie, 6% Cachemire<br \/>\nDoublure : 100% Viscose<\/p>\n","protected":false},"featured_media":21891,"comment_status":"open","ping_status":"closed","template":"","meta":[],"product_brand":[],"product_cat":[205,143],"product_tag":[],"class_list":{"0":"post-22892","1":"product","2":"type-product","3":"status-publish","4":"has-post-thumbnail","6":"product_cat-coat","7":"product_cat-max-mara-fr","9":"first","10":"outofstock","11":"sale","12":"featured","13":"shipping-taxable","14":"purchasable","15":"product-type-variable"},"_links":{"self":[{"href":"https:\/\/mercurifashion.com\/fr\/wp-json\/wp\/v2\/product\/22892","targetHints":{"allow":["GET"]}}],"collection":[{"href":"https:\/\/mercurifashion.com\/fr\/wp-json\/wp\/v2\/product"}],"about":[{"href":"https:\/\/mercurifashion.com\/fr\/wp-json\/wp\/v2\/types\/product"}],"replies":[{"embeddable":true,"href":"https:\/\/mercurifashion.com\/fr\/wp-json\/wp\/v2\/comments?post=22892"}],"wp:featuredmedia":[{"embeddable":true,"href":"https:\/\/mercurifashion.com\/fr\/wp-json\/wp\/v2\/media\/21891"}],"wp:attachment":[{"href":"https:\/\/mercurifashion.com\/fr\/wp-json\/wp\/v2\/media?parent=22892"}],"wp:term":[{"taxonomy":"product_brand","embeddable":true,"href":"https:\/\/mercurifashion.com\/fr\/wp-json\/wp\/v2\/product_brand?post=22892"},{"taxonomy":"product_cat","embeddable":true,"href":"https:\/\/mercurifashion.com\/fr\/wp-json\/wp\/v2\/product_cat?post=22892"},{"taxonomy":"product_tag","embeddable":true,"href":"https:\/\/mercurifashion.com\/fr\/wp-json\/wp\/v2\/product_tag?post=22892"}],"curies":[{"name":"wp","href":"https:\/\/api.w.org\/{rel}","templated":true}]}}