{"id":22942,"date":"2024-10-31T22:30:21","date_gmt":"2024-10-31T22:30:21","guid":{"rendered":"https:\/\/mercurifashion.com\/?post_type=product&#038;p=22942"},"modified":"2024-11-11T16:35:48","modified_gmt":"2024-11-11T16:35:48","slug":"max-mara-studio-palmizi-long-impermeable","status":"publish","type":"product","link":"https:\/\/mercurifashion.com\/fr\/product\/max-mara-studio-palmizi-long-impermeable\/","title":{"rendered":"MAX MARA STUDIO : PALMIZI long imperm\u00e9able"},"content":{"rendered":"","protected":false},"excerpt":{"rendered":"<p>L&rsquo;imperm\u00e9able long \u00ab\u00a0Palmizi\u00a0\u00bb de Max Mara Studio en couleur Colonial est un trench-coat sophistiqu\u00e9 \u00e0 double boutonnage, confectionn\u00e9 dans un m\u00e9lange de coton de haute qualit\u00e9. Ce design \u00e9l\u00e9gant comprend une ceinture qui d\u00e9finit la taille, des \u00e9paulettes styl\u00e9es et des sangles ajustables aux poignets, cr\u00e9ant une silhouette classique et intemporelle, id\u00e9ale pour toute garde-robe.<\/p>\n<p><strong>Composition du tissu<\/strong> : M\u00e9lange de coton.<br \/>\n<strong>Doublure<\/strong> : Enti\u00e8rement doubl\u00e9.<br \/>\n<strong>D\u00e9tails du design<\/strong> : Devant \u00e0 double boutonnage, taille ceintur\u00e9e, \u00e9paulettes, sangles aux poignets.<\/p>\n","protected":false},"featured_media":22039,"comment_status":"open","ping_status":"closed","template":"","meta":[],"product_brand":[],"product_cat":[143],"product_tag":[],"class_list":{"0":"post-22942","1":"product","2":"type-product","3":"status-publish","4":"has-post-thumbnail","6":"product_cat-max-mara-fr","8":"first","9":"instock","10":"sale","11":"featured","12":"shipping-taxable","13":"purchasable","14":"product-type-variable"},"_links":{"self":[{"href":"https:\/\/mercurifashion.com\/fr\/wp-json\/wp\/v2\/product\/22942","targetHints":{"allow":["GET"]}}],"collection":[{"href":"https:\/\/mercurifashion.com\/fr\/wp-json\/wp\/v2\/product"}],"about":[{"href":"https:\/\/mercurifashion.com\/fr\/wp-json\/wp\/v2\/types\/product"}],"replies":[{"embeddable":true,"href":"https:\/\/mercurifashion.com\/fr\/wp-json\/wp\/v2\/comments?post=22942"}],"wp:featuredmedia":[{"embeddable":true,"href":"https:\/\/mercurifashion.com\/fr\/wp-json\/wp\/v2\/media\/22039"}],"wp:attachment":[{"href":"https:\/\/mercurifashion.com\/fr\/wp-json\/wp\/v2\/media?parent=22942"}],"wp:term":[{"taxonomy":"product_brand","embeddable":true,"href":"https:\/\/mercurifashion.com\/fr\/wp-json\/wp\/v2\/product_brand?post=22942"},{"taxonomy":"product_cat","embeddable":true,"href":"https:\/\/mercurifashion.com\/fr\/wp-json\/wp\/v2\/product_cat?post=22942"},{"taxonomy":"product_tag","embeddable":true,"href":"https:\/\/mercurifashion.com\/fr\/wp-json\/wp\/v2\/product_tag?post=22942"}],"curies":[{"name":"wp","href":"https:\/\/api.w.org\/{rel}","templated":true}]}}