{"id":22952,"date":"2024-11-01T13:44:11","date_gmt":"2024-11-01T13:44:11","guid":{"rendered":"https:\/\/mercurifashion.com\/?post_type=product&#038;p=22952"},"modified":"2024-11-11T16:43:22","modified_gmt":"2024-11-11T16:43:22","slug":"max-mara-studio-manteau-filovia","status":"publish","type":"product","link":"https:\/\/mercurifashion.com\/fr\/product\/max-mara-studio-manteau-filovia\/","title":{"rendered":"MAX MARA STUDIO : Manteau FILOVIA"},"content":{"rendered":"","protected":false},"excerpt":{"rendered":"<p>Le manteau pour femme \u00ab\u00a0Filovia\u00a0\u00bb de Max Mara Studio est confectionn\u00e9 en laine d&rsquo;alpaga dans une riche teinte cognac. Il se distingue par un large col \u00e0 revers, une fermeture \u00e0 double boutonnage avec de grands boutons assortis, des poches lat\u00e9rales int\u00e9gr\u00e9es et une doublure en viscose avec le monogramme de la marque. Le manteau a une coupe oversize.<\/p>\n<p><strong>Composition du tissu<\/strong><br \/>\n70% Alpaga, 30% Laine.<\/p>\n","protected":false},"featured_media":22151,"comment_status":"open","ping_status":"closed","template":"","meta":[],"product_brand":[],"product_cat":[205,143],"product_tag":[],"class_list":{"0":"post-22952","1":"product","2":"type-product","3":"status-publish","4":"has-post-thumbnail","6":"product_cat-coat","7":"product_cat-max-mara-fr","9":"first","10":"instock","11":"sale","12":"shipping-taxable","13":"purchasable","14":"product-type-variable"},"_links":{"self":[{"href":"https:\/\/mercurifashion.com\/fr\/wp-json\/wp\/v2\/product\/22952","targetHints":{"allow":["GET"]}}],"collection":[{"href":"https:\/\/mercurifashion.com\/fr\/wp-json\/wp\/v2\/product"}],"about":[{"href":"https:\/\/mercurifashion.com\/fr\/wp-json\/wp\/v2\/types\/product"}],"replies":[{"embeddable":true,"href":"https:\/\/mercurifashion.com\/fr\/wp-json\/wp\/v2\/comments?post=22952"}],"wp:featuredmedia":[{"embeddable":true,"href":"https:\/\/mercurifashion.com\/fr\/wp-json\/wp\/v2\/media\/22151"}],"wp:attachment":[{"href":"https:\/\/mercurifashion.com\/fr\/wp-json\/wp\/v2\/media?parent=22952"}],"wp:term":[{"taxonomy":"product_brand","embeddable":true,"href":"https:\/\/mercurifashion.com\/fr\/wp-json\/wp\/v2\/product_brand?post=22952"},{"taxonomy":"product_cat","embeddable":true,"href":"https:\/\/mercurifashion.com\/fr\/wp-json\/wp\/v2\/product_cat?post=22952"},{"taxonomy":"product_tag","embeddable":true,"href":"https:\/\/mercurifashion.com\/fr\/wp-json\/wp\/v2\/product_tag?post=22952"}],"curies":[{"name":"wp","href":"https:\/\/api.w.org\/{rel}","templated":true}]}}