{"id":22997,"date":"2024-11-01T17:34:18","date_gmt":"2024-11-01T17:34:18","guid":{"rendered":"https:\/\/mercurifashion.com\/?post_type=product&#038;p=22997"},"modified":"2024-11-11T17:16:33","modified_gmt":"2024-11-11T17:16:33","slug":"marina-rinaldi-veste-satira","status":"publish","type":"product","link":"https:\/\/mercurifashion.com\/fr\/product\/marina-rinaldi-veste-satira\/","title":{"rendered":"MARINA RINALDI : Veste SATIRA"},"content":{"rendered":"","protected":false},"excerpt":{"rendered":"<p>Une veste de la marque italienne MARINA RINALDI, avec un col crant\u00e9 et une silhouette ajust\u00e9e avec des poches plaqu\u00e9es. Le design est confectionn\u00e9 dans un tissu en viscose doux et extensible, offrant un ajustement parfait sur la silhouette.<\/p>\n<p><strong>Composition<\/strong> :<br \/>\n50% viscose, 48% polyester, 2% \u00e9lasthanne<\/p>\n","protected":false},"featured_media":22249,"comment_status":"open","ping_status":"closed","template":"","meta":[],"product_brand":[],"product_cat":[137,161],"product_tag":[],"class_list":{"0":"post-22997","1":"product","2":"type-product","3":"status-publish","4":"has-post-thumbnail","6":"product_cat-marina-rinaldi-fr","7":"product_cat-vestes","9":"first","10":"instock","11":"featured","12":"shipping-taxable","13":"purchasable","14":"product-type-variable"},"_links":{"self":[{"href":"https:\/\/mercurifashion.com\/fr\/wp-json\/wp\/v2\/product\/22997","targetHints":{"allow":["GET"]}}],"collection":[{"href":"https:\/\/mercurifashion.com\/fr\/wp-json\/wp\/v2\/product"}],"about":[{"href":"https:\/\/mercurifashion.com\/fr\/wp-json\/wp\/v2\/types\/product"}],"replies":[{"embeddable":true,"href":"https:\/\/mercurifashion.com\/fr\/wp-json\/wp\/v2\/comments?post=22997"}],"wp:featuredmedia":[{"embeddable":true,"href":"https:\/\/mercurifashion.com\/fr\/wp-json\/wp\/v2\/media\/22249"}],"wp:attachment":[{"href":"https:\/\/mercurifashion.com\/fr\/wp-json\/wp\/v2\/media?parent=22997"}],"wp:term":[{"taxonomy":"product_brand","embeddable":true,"href":"https:\/\/mercurifashion.com\/fr\/wp-json\/wp\/v2\/product_brand?post=22997"},{"taxonomy":"product_cat","embeddable":true,"href":"https:\/\/mercurifashion.com\/fr\/wp-json\/wp\/v2\/product_cat?post=22997"},{"taxonomy":"product_tag","embeddable":true,"href":"https:\/\/mercurifashion.com\/fr\/wp-json\/wp\/v2\/product_tag?post=22997"}],"curies":[{"name":"wp","href":"https:\/\/api.w.org\/{rel}","templated":true}]}}