{"id":23051,"date":"2024-11-04T16:48:33","date_gmt":"2024-11-04T16:48:33","guid":{"rendered":"https:\/\/mercurifashion.com\/?post_type=product&#038;p=23051"},"modified":"2024-11-11T18:42:26","modified_gmt":"2024-11-11T18:42:26","slug":"weekend-max-mara-manteau-oversize-en-laine-nico","status":"publish","type":"product","link":"https:\/\/mercurifashion.com\/fr\/product\/weekend-max-mara-manteau-oversize-en-laine-nico\/","title":{"rendered":"WEEKEND MAX MARA : Manteau oversize en laine NICO"},"content":{"rendered":"<p><strong>Instructions d&rsquo;entretien<\/strong> :<br \/>\nNe pas laver, blanchir ou s\u00e9cher en machine. Repasser \u00e0 basse temp\u00e9rature si n\u00e9cessaire, et faire nettoyer le manteau \u00e0 sec avec du perchloro\u00e9thyl\u00e8ne en utilisant un processus doux. \u00c9viter le nettoyage humide. Veiller \u00e0 attacher le manteau avant le nettoyage et prot\u00e9ger les d\u00e9tails en cuir et les boutons.<\/p>\n","protected":false},"excerpt":{"rendered":"<p>Confectionn\u00e9 en tissu de laine double cousu \u00e0 la main, ce manteau \u00e0 capuche oversize offre une \u00e9l\u00e9gante combinaison de chaleur et de sophistication. Son design unique pr\u00e9sente une silhouette en couches, fa\u00e7on cape, superpos\u00e9e \u00e0 la forme classique du manteau Montgomery, ajoutant de la profondeur et du style. Le manteau comprend des manches longues de coupe raglan \u00e0 l&rsquo;arri\u00e8re, avec des lani\u00e8res r\u00e9glables aux poignets pour plus de fonctionnalit\u00e9. La fermeture \u00e0 l&rsquo;avant est dot\u00e9e de boucles en cuir et en corne de haute qualit\u00e9, apportant une touche raffin\u00e9e.<\/p>\n<p><strong>Composition du tissu<\/strong> :<br \/>\n90% laine vierge, 10% polyamide ; tissu secondaire : 100% coton.<\/p>\n","protected":false},"featured_media":22443,"comment_status":"open","ping_status":"closed","template":"","meta":[],"product_brand":[],"product_cat":[205,143],"product_tag":[],"class_list":{"0":"post-23051","1":"product","2":"type-product","3":"status-publish","4":"has-post-thumbnail","6":"product_cat-coat","7":"product_cat-max-mara-fr","9":"first","10":"instock","11":"sale","12":"shipping-taxable","13":"purchasable","14":"product-type-variable"},"_links":{"self":[{"href":"https:\/\/mercurifashion.com\/fr\/wp-json\/wp\/v2\/product\/23051","targetHints":{"allow":["GET"]}}],"collection":[{"href":"https:\/\/mercurifashion.com\/fr\/wp-json\/wp\/v2\/product"}],"about":[{"href":"https:\/\/mercurifashion.com\/fr\/wp-json\/wp\/v2\/types\/product"}],"replies":[{"embeddable":true,"href":"https:\/\/mercurifashion.com\/fr\/wp-json\/wp\/v2\/comments?post=23051"}],"wp:featuredmedia":[{"embeddable":true,"href":"https:\/\/mercurifashion.com\/fr\/wp-json\/wp\/v2\/media\/22443"}],"wp:attachment":[{"href":"https:\/\/mercurifashion.com\/fr\/wp-json\/wp\/v2\/media?parent=23051"}],"wp:term":[{"taxonomy":"product_brand","embeddable":true,"href":"https:\/\/mercurifashion.com\/fr\/wp-json\/wp\/v2\/product_brand?post=23051"},{"taxonomy":"product_cat","embeddable":true,"href":"https:\/\/mercurifashion.com\/fr\/wp-json\/wp\/v2\/product_cat?post=23051"},{"taxonomy":"product_tag","embeddable":true,"href":"https:\/\/mercurifashion.com\/fr\/wp-json\/wp\/v2\/product_tag?post=23051"}],"curies":[{"name":"wp","href":"https:\/\/api.w.org\/{rel}","templated":true}]}}