{"id":23062,"date":"2024-11-04T18:03:11","date_gmt":"2024-11-04T18:03:11","guid":{"rendered":"https:\/\/mercurifashion.com\/?post_type=product&#038;p=23062"},"modified":"2025-11-15T17:13:38","modified_gmt":"2025-11-15T17:13:38","slug":"max-mara-studio-blazer-noir-fiorella","status":"publish","type":"product","link":"https:\/\/mercurifashion.com\/fr\/product\/max-mara-studio-blazer-noir-fiorella\/","title":{"rendered":"MAX MARA STUDIO : Blazer noir MIRELLA"},"content":{"rendered":"","protected":false},"excerpt":{"rendered":"<p>Ce blazer noir \u00e9l\u00e9gant est confectionn\u00e9 en cr\u00eape textur\u00e9, avec une fermeture \u00e0 bouton dissimul\u00e9e \u00e0 l&rsquo;avant et des revers crant\u00e9s raffin\u00e9s. Il est structur\u00e9 avec des \u00e9paulettes pour am\u00e9liorer la silhouette, tandis que les manches longues sont accentu\u00e9es par des poignets fendus styl\u00e9s. Con\u00e7u avec des pinces pr\u00e9cises pour une coupe ajust\u00e9e, ce blazer comprend quatre poches plaqu\u00e9es pratiques \u00e0 l&rsquo;avant, ajoutant \u00e0 la fois fonctionnalit\u00e9 et style. Enti\u00e8rement doubl\u00e9 pour un confort optimal, il dispose d&rsquo;un ourlet droit qui compl\u00e8te ce look intemporel.<\/p>\n<p><strong>Composition<\/strong> :<br \/>\nExt\u00e9rieur : 71% triac\u00e9tate, 29% polyester<br \/>\nDoublure : 70% ac\u00e9tate, 30% polyester<br \/>\n<strong>Instructions d&rsquo;entretien<\/strong> : Nettoyage \u00e0 sec uniquement.<\/p>\n","protected":false},"featured_media":22480,"comment_status":"open","ping_status":"closed","template":"","meta":[],"product_brand":[],"product_cat":[143,161],"product_tag":[],"class_list":{"0":"post-23062","1":"product","2":"type-product","3":"status-publish","4":"has-post-thumbnail","6":"product_cat-max-mara-fr","7":"product_cat-vestes","9":"first","10":"outofstock","11":"featured","12":"shipping-taxable","13":"purchasable","14":"product-type-variable"},"_links":{"self":[{"href":"https:\/\/mercurifashion.com\/fr\/wp-json\/wp\/v2\/product\/23062","targetHints":{"allow":["GET"]}}],"collection":[{"href":"https:\/\/mercurifashion.com\/fr\/wp-json\/wp\/v2\/product"}],"about":[{"href":"https:\/\/mercurifashion.com\/fr\/wp-json\/wp\/v2\/types\/product"}],"replies":[{"embeddable":true,"href":"https:\/\/mercurifashion.com\/fr\/wp-json\/wp\/v2\/comments?post=23062"}],"wp:featuredmedia":[{"embeddable":true,"href":"https:\/\/mercurifashion.com\/fr\/wp-json\/wp\/v2\/media\/22480"}],"wp:attachment":[{"href":"https:\/\/mercurifashion.com\/fr\/wp-json\/wp\/v2\/media?parent=23062"}],"wp:term":[{"taxonomy":"product_brand","embeddable":true,"href":"https:\/\/mercurifashion.com\/fr\/wp-json\/wp\/v2\/product_brand?post=23062"},{"taxonomy":"product_cat","embeddable":true,"href":"https:\/\/mercurifashion.com\/fr\/wp-json\/wp\/v2\/product_cat?post=23062"},{"taxonomy":"product_tag","embeddable":true,"href":"https:\/\/mercurifashion.com\/fr\/wp-json\/wp\/v2\/product_tag?post=23062"}],"curies":[{"name":"wp","href":"https:\/\/api.w.org\/{rel}","templated":true}]}}