{"id":23098,"date":"2024-11-04T19:19:43","date_gmt":"2024-11-04T19:19:43","guid":{"rendered":"https:\/\/mercurifashion.com\/?post_type=product&#038;p=23098"},"modified":"2024-11-12T20:33:08","modified_gmt":"2024-11-12T20:33:08","slug":"weekend-max-mara-chemise-oversize-en-coton-rolf","status":"publish","type":"product","link":"https:\/\/mercurifashion.com\/fr\/product\/weekend-max-mara-chemise-oversize-en-coton-rolf\/","title":{"rendered":"WEEKEND MAX MARA : Chemise oversize en coton ROLF"},"content":{"rendered":"<p><strong>Instructions d&rsquo;entretien<\/strong> :<br \/>\nLavage \u00e0 la main \u00e0 l&rsquo;eau froide ; ne pas utiliser d&rsquo;eau de Javel ni s\u00e9cher en machine. S\u00e9cher \u00e0 plat \u00e0 l&rsquo;ombre et repasser \u00e0 basse temp\u00e9rature si n\u00e9cessaire. Peut \u00eatre nettoy\u00e9 \u00e0 sec professionnellement avec du perchloro\u00e9thyl\u00e8ne en utilisant un processus doux.<\/p>\n","protected":false},"excerpt":{"rendered":"<p>Cette chemise longue d\u00e9contract\u00e9e est confectionn\u00e9e en flanelle de coton pur et doux, offrant \u00e0 la fois confort et style. Con\u00e7ue dans une coupe oversize, elle est dot\u00e9e de manches longues avec \u00e9paules tombantes et poignets boutonn\u00e9s, ainsi que de grandes poches poitrine orn\u00e9es de rabats et de boutons. La chemise a une coupe droite avec des fentes lat\u00e9rales et un ourlet arrondi l\u00e9g\u00e8rement plus long \u00e0 l&rsquo;arri\u00e8re, ajoutant une touche moderne. Fermeture boutonn\u00e9e visible \u00e0 l&rsquo;avant.<\/p>\n<p><strong>Composition du tissu<\/strong> : 100% coton.<\/p>\n","protected":false},"featured_media":22544,"comment_status":"open","ping_status":"closed","template":"","meta":[],"product_brand":[],"product_cat":[440,143],"product_tag":[],"class_list":{"0":"post-23098","1":"product","2":"type-product","3":"status-publish","4":"has-post-thumbnail","6":"product_cat-shirts-fr","7":"product_cat-max-mara-fr","9":"first","10":"instock","11":"shipping-taxable","12":"purchasable","13":"product-type-variable"},"_links":{"self":[{"href":"https:\/\/mercurifashion.com\/fr\/wp-json\/wp\/v2\/product\/23098","targetHints":{"allow":["GET"]}}],"collection":[{"href":"https:\/\/mercurifashion.com\/fr\/wp-json\/wp\/v2\/product"}],"about":[{"href":"https:\/\/mercurifashion.com\/fr\/wp-json\/wp\/v2\/types\/product"}],"replies":[{"embeddable":true,"href":"https:\/\/mercurifashion.com\/fr\/wp-json\/wp\/v2\/comments?post=23098"}],"wp:featuredmedia":[{"embeddable":true,"href":"https:\/\/mercurifashion.com\/fr\/wp-json\/wp\/v2\/media\/22544"}],"wp:attachment":[{"href":"https:\/\/mercurifashion.com\/fr\/wp-json\/wp\/v2\/media?parent=23098"}],"wp:term":[{"taxonomy":"product_brand","embeddable":true,"href":"https:\/\/mercurifashion.com\/fr\/wp-json\/wp\/v2\/product_brand?post=23098"},{"taxonomy":"product_cat","embeddable":true,"href":"https:\/\/mercurifashion.com\/fr\/wp-json\/wp\/v2\/product_cat?post=23098"},{"taxonomy":"product_tag","embeddable":true,"href":"https:\/\/mercurifashion.com\/fr\/wp-json\/wp\/v2\/product_tag?post=23098"}],"curies":[{"name":"wp","href":"https:\/\/api.w.org\/{rel}","templated":true}]}}