{"id":23193,"date":"2024-11-05T19:26:13","date_gmt":"2024-11-05T19:26:13","guid":{"rendered":"https:\/\/mercurifashion.com\/?post_type=product&#038;p=23193"},"modified":"2024-11-12T21:26:39","modified_gmt":"2024-11-12T21:26:39","slug":"max-mara-studio-veste-en-laine-molo","status":"publish","type":"product","link":"https:\/\/mercurifashion.com\/fr\/product\/max-mara-studio-veste-en-laine-molo\/","title":{"rendered":"MAX MARA STUDIO : Veste en laine MOLO"},"content":{"rendered":"<p><strong>D\u00e9tails<\/strong> :<br \/>\nCoupe oversize<br \/>\nCol \u00e0 revers<br \/>\nDouble boutonnage avec deux boutons<br \/>\nDeux poches \u00e0 rabat \u00e0 l&rsquo;avant<\/p>\n<p><strong>Instructions d&rsquo;entretien<\/strong> :<br \/>\nNe pas laver, blanchir ou s\u00e9cher en machine. Repasser \u00e0 basse temp\u00e9rature si n\u00e9cessaire, et faire nettoyer \u00e0 sec avec du perchloro\u00e9thyl\u00e8ne en utilisant un processus doux. \u00c9viter le nettoyage humide.<\/p>\n","protected":false},"excerpt":{"rendered":"<p>Confectionn\u00e9e en pure laine vierge luxueuse dans une riche teinte bordeaux, la veste MOLO de Max Mara Studio offre un parfait m\u00e9lange de chaleur et de style pour l&rsquo;automne. Son design oversize et \u00e0 double boutonnage cr\u00e9e une silhouette contemporaine, rehauss\u00e9e par un col \u00e0 revers et de larges manches de style kimono. La veste est dot\u00e9e de poches lat\u00e9rales avec des rabats d\u00e9coratifs sur le devant, ajoutant une touche fonctionnelle et \u00e9l\u00e9gante. Enti\u00e8rement doubl\u00e9e de tissu jacquard, elle pr\u00e9sente une fermeture basse avec deux boutons visibles pour une finition \u00e9l\u00e9gante.<\/p>\n<p><strong>Composition du tissu<\/strong> :<br \/>\n100% laine vierge ; doublure : 100% viscose.<\/p>\n","protected":false},"featured_media":22707,"comment_status":"open","ping_status":"closed","template":"","meta":[],"product_brand":[],"product_cat":[205,143],"product_tag":[],"class_list":{"0":"post-23193","1":"product","2":"type-product","3":"status-publish","4":"has-post-thumbnail","6":"product_cat-coat","7":"product_cat-max-mara-fr","9":"first","10":"outofstock","11":"sale","12":"featured","13":"shipping-taxable","14":"purchasable","15":"product-type-variable"},"_links":{"self":[{"href":"https:\/\/mercurifashion.com\/fr\/wp-json\/wp\/v2\/product\/23193","targetHints":{"allow":["GET"]}}],"collection":[{"href":"https:\/\/mercurifashion.com\/fr\/wp-json\/wp\/v2\/product"}],"about":[{"href":"https:\/\/mercurifashion.com\/fr\/wp-json\/wp\/v2\/types\/product"}],"replies":[{"embeddable":true,"href":"https:\/\/mercurifashion.com\/fr\/wp-json\/wp\/v2\/comments?post=23193"}],"wp:featuredmedia":[{"embeddable":true,"href":"https:\/\/mercurifashion.com\/fr\/wp-json\/wp\/v2\/media\/22707"}],"wp:attachment":[{"href":"https:\/\/mercurifashion.com\/fr\/wp-json\/wp\/v2\/media?parent=23193"}],"wp:term":[{"taxonomy":"product_brand","embeddable":true,"href":"https:\/\/mercurifashion.com\/fr\/wp-json\/wp\/v2\/product_brand?post=23193"},{"taxonomy":"product_cat","embeddable":true,"href":"https:\/\/mercurifashion.com\/fr\/wp-json\/wp\/v2\/product_cat?post=23193"},{"taxonomy":"product_tag","embeddable":true,"href":"https:\/\/mercurifashion.com\/fr\/wp-json\/wp\/v2\/product_tag?post=23193"}],"curies":[{"name":"wp","href":"https:\/\/api.w.org\/{rel}","templated":true}]}}