{"id":23213,"date":"2024-11-06T17:28:21","date_gmt":"2024-11-06T17:28:21","guid":{"rendered":"https:\/\/mercurifashion.com\/?post_type=product&#038;p=23213"},"modified":"2024-11-12T22:12:43","modified_gmt":"2024-11-12T22:12:43","slug":"max-mara-studio-jupe-noire-lemma","status":"publish","type":"product","link":"https:\/\/mercurifashion.com\/fr\/product\/max-mara-studio-jupe-noire-lemma\/","title":{"rendered":"MAX MARA STUDIO : Jupe noire LEMMA"},"content":{"rendered":"","protected":false},"excerpt":{"rendered":"<p>La jupe &lsquo;Lemma&rsquo; de Max Mara Studio est confectionn\u00e9e dans un tissu cady \u00e9l\u00e9gant, offrant une silhouette \u00e9pur\u00e9e avec des plis subtils \u00e0 l&rsquo;avant. Con\u00e7ue avec une fermeture \u00e0 glissi\u00e8re avec agrafe et bouton, elle inclut \u00e9galement des poches lat\u00e9rales pratiques pour plus de commodit\u00e9. Une fente \u00e0 l&rsquo;arri\u00e8re am\u00e9liore la libert\u00e9 de mouvement et le confort. Cette jupe noire classique taille normalement et est id\u00e9ale pour un look sophistiqu\u00e9 et soign\u00e9.<\/p>\n<p><strong>Composition du tissu<\/strong> :<br \/>\n71% triac\u00e9tate, 29% polyester.<\/p>\n","protected":false},"featured_media":22740,"comment_status":"open","ping_status":"closed","template":"","meta":[],"product_brand":[],"product_cat":[447,143],"product_tag":[],"class_list":{"0":"post-23213","1":"product","2":"type-product","3":"status-publish","4":"has-post-thumbnail","6":"product_cat-skirts-fr","7":"product_cat-max-mara-fr","9":"first","10":"instock","11":"shipping-taxable","12":"purchasable","13":"product-type-variable"},"_links":{"self":[{"href":"https:\/\/mercurifashion.com\/fr\/wp-json\/wp\/v2\/product\/23213","targetHints":{"allow":["GET"]}}],"collection":[{"href":"https:\/\/mercurifashion.com\/fr\/wp-json\/wp\/v2\/product"}],"about":[{"href":"https:\/\/mercurifashion.com\/fr\/wp-json\/wp\/v2\/types\/product"}],"replies":[{"embeddable":true,"href":"https:\/\/mercurifashion.com\/fr\/wp-json\/wp\/v2\/comments?post=23213"}],"wp:featuredmedia":[{"embeddable":true,"href":"https:\/\/mercurifashion.com\/fr\/wp-json\/wp\/v2\/media\/22740"}],"wp:attachment":[{"href":"https:\/\/mercurifashion.com\/fr\/wp-json\/wp\/v2\/media?parent=23213"}],"wp:term":[{"taxonomy":"product_brand","embeddable":true,"href":"https:\/\/mercurifashion.com\/fr\/wp-json\/wp\/v2\/product_brand?post=23213"},{"taxonomy":"product_cat","embeddable":true,"href":"https:\/\/mercurifashion.com\/fr\/wp-json\/wp\/v2\/product_cat?post=23213"},{"taxonomy":"product_tag","embeddable":true,"href":"https:\/\/mercurifashion.com\/fr\/wp-json\/wp\/v2\/product_tag?post=23213"}],"curies":[{"name":"wp","href":"https:\/\/api.w.org\/{rel}","templated":true}]}}