{"id":23228,"date":"2024-11-06T17:50:44","date_gmt":"2024-11-06T17:50:44","guid":{"rendered":"https:\/\/mercurifashion.com\/?post_type=product&#038;p=23228"},"modified":"2024-11-12T22:17:56","modified_gmt":"2024-11-12T22:17:56","slug":"max-mara-studio-pantalon-en-crepe-selva","status":"publish","type":"product","link":"https:\/\/mercurifashion.com\/fr\/product\/max-mara-studio-pantalon-en-crepe-selva\/","title":{"rendered":"MAX MARA STUDIO : Pantalon en cr\u00eape SELVA"},"content":{"rendered":"","protected":false},"excerpt":{"rendered":"<p>Ce pantalon de Max Mara Studio est confectionn\u00e9 en cr\u00eape technique, avec une silhouette cigarette raccourcie dot\u00e9e de pinces frontales et de plis press\u00e9s pour un look raffin\u00e9. Il est dot\u00e9 d&rsquo;une fermeture zipp\u00e9e dissimul\u00e9e et d&rsquo;une ceinture ferm\u00e9e par un bouton et une agrafe, ainsi que de poches fran\u00e7aises sur les c\u00f4t\u00e9s et de passants pour ceinture \u00e0 la taille. L&rsquo;ourlet est laiss\u00e9 non fini, permettant un ajustement sur mesure personnalis\u00e9.<\/p>\n<p>Couleur : Noir<br \/>\nCoupe : Raccourcie, Ajust\u00e9e, Jambe Fusel\u00e9e<br \/>\nFermeture : Zip<\/p>\n<p><strong>Composition du tissu<\/strong> :<br \/>\n71% triac\u00e9tate, 29% polyester.<\/p>\n","protected":false},"featured_media":22762,"comment_status":"open","ping_status":"closed","template":"","meta":[],"product_brand":[],"product_cat":[143,454],"product_tag":[],"class_list":{"0":"post-23228","1":"product","2":"type-product","3":"status-publish","4":"has-post-thumbnail","6":"product_cat-max-mara-fr","7":"product_cat-pants-fr","9":"first","10":"instock","11":"shipping-taxable","12":"purchasable","13":"product-type-variable"},"_links":{"self":[{"href":"https:\/\/mercurifashion.com\/fr\/wp-json\/wp\/v2\/product\/23228","targetHints":{"allow":["GET"]}}],"collection":[{"href":"https:\/\/mercurifashion.com\/fr\/wp-json\/wp\/v2\/product"}],"about":[{"href":"https:\/\/mercurifashion.com\/fr\/wp-json\/wp\/v2\/types\/product"}],"replies":[{"embeddable":true,"href":"https:\/\/mercurifashion.com\/fr\/wp-json\/wp\/v2\/comments?post=23228"}],"wp:featuredmedia":[{"embeddable":true,"href":"https:\/\/mercurifashion.com\/fr\/wp-json\/wp\/v2\/media\/22762"}],"wp:attachment":[{"href":"https:\/\/mercurifashion.com\/fr\/wp-json\/wp\/v2\/media?parent=23228"}],"wp:term":[{"taxonomy":"product_brand","embeddable":true,"href":"https:\/\/mercurifashion.com\/fr\/wp-json\/wp\/v2\/product_brand?post=23228"},{"taxonomy":"product_cat","embeddable":true,"href":"https:\/\/mercurifashion.com\/fr\/wp-json\/wp\/v2\/product_cat?post=23228"},{"taxonomy":"product_tag","embeddable":true,"href":"https:\/\/mercurifashion.com\/fr\/wp-json\/wp\/v2\/product_tag?post=23228"}],"curies":[{"name":"wp","href":"https:\/\/api.w.org\/{rel}","templated":true}]}}