{"id":23243,"date":"2024-11-06T18:02:39","date_gmt":"2024-11-06T18:02:39","guid":{"rendered":"https:\/\/mercurifashion.com\/?post_type=product&#038;p=23243"},"modified":"2024-11-12T22:23:36","modified_gmt":"2024-11-12T22:23:36","slug":"max-mara-studio-pantalon-latina","status":"publish","type":"product","link":"https:\/\/mercurifashion.com\/fr\/product\/max-mara-studio-pantalon-latina\/","title":{"rendered":"MAX MARA STUDIO : Pantalon LATINA"},"content":{"rendered":"","protected":false},"excerpt":{"rendered":"<p>Ce pantalon Max Mara Studio pr\u00e9sente une fermeture \u00e9clair \u00e0 l&rsquo;avant avec crochet et barre pour un look sans couture. Con\u00e7u avec une taille haute, des passants de ceinture et une ceinture amovible assortie avec une boucle double en anneaux m\u00e9talliques, il offre des options de style polyvalentes. Les poches lat\u00e9rales en biais et les doubles plis \u00e0 l&rsquo;avant ajoutent fonctionnalit\u00e9 et \u00e9l\u00e9gance, tandis que l&rsquo;ourlet l\u00e9g\u00e8rement fusel\u00e9 et la coupe d\u00e9contract\u00e9e cr\u00e9ent une silhouette moderne. Confectionn\u00e9 en noir classique, ce pantalon est un choix raffin\u00e9 pour toute garde-robe.<\/p>\n<p><strong>Composition du tissu<\/strong> :<br \/>\n71% triac\u00e9tate, 29% polyester.<\/p>\n","protected":false},"featured_media":22785,"comment_status":"open","ping_status":"closed","template":"","meta":[],"product_brand":[],"product_cat":[143,454],"product_tag":[],"class_list":{"0":"post-23243","1":"product","2":"type-product","3":"status-publish","4":"has-post-thumbnail","6":"product_cat-max-mara-fr","7":"product_cat-pants-fr","9":"first","10":"instock","11":"shipping-taxable","12":"purchasable","13":"product-type-variable"},"_links":{"self":[{"href":"https:\/\/mercurifashion.com\/fr\/wp-json\/wp\/v2\/product\/23243","targetHints":{"allow":["GET"]}}],"collection":[{"href":"https:\/\/mercurifashion.com\/fr\/wp-json\/wp\/v2\/product"}],"about":[{"href":"https:\/\/mercurifashion.com\/fr\/wp-json\/wp\/v2\/types\/product"}],"replies":[{"embeddable":true,"href":"https:\/\/mercurifashion.com\/fr\/wp-json\/wp\/v2\/comments?post=23243"}],"wp:featuredmedia":[{"embeddable":true,"href":"https:\/\/mercurifashion.com\/fr\/wp-json\/wp\/v2\/media\/22785"}],"wp:attachment":[{"href":"https:\/\/mercurifashion.com\/fr\/wp-json\/wp\/v2\/media?parent=23243"}],"wp:term":[{"taxonomy":"product_brand","embeddable":true,"href":"https:\/\/mercurifashion.com\/fr\/wp-json\/wp\/v2\/product_brand?post=23243"},{"taxonomy":"product_cat","embeddable":true,"href":"https:\/\/mercurifashion.com\/fr\/wp-json\/wp\/v2\/product_cat?post=23243"},{"taxonomy":"product_tag","embeddable":true,"href":"https:\/\/mercurifashion.com\/fr\/wp-json\/wp\/v2\/product_tag?post=23243"}],"curies":[{"name":"wp","href":"https:\/\/api.w.org\/{rel}","templated":true}]}}