{"id":23259,"date":"2024-11-06T18:35:00","date_gmt":"2024-11-06T18:35:00","guid":{"rendered":"https:\/\/mercurifashion.com\/?post_type=product&#038;p=23259"},"modified":"2024-11-12T22:29:38","modified_gmt":"2024-11-12T22:29:38","slug":"marina-rinaldi-pantalon-blanc-dixi","status":"publish","type":"product","link":"https:\/\/mercurifashion.com\/fr\/product\/marina-rinaldi-pantalon-blanc-dixi\/","title":{"rendered":"MARINA RINALDI : Pantalon blanc DIXI"},"content":{"rendered":"<p><strong>Instructions d&rsquo;entretien<\/strong> :<br \/>\nLavage en machine \u00e0 froid sur cycle d\u00e9licat ; ne pas utiliser d&rsquo;eau de Javel ; ne pas s\u00e9cher en machine ; s\u00e9cher \u00e0 plat \u00e0 l&rsquo;ombre ; repasser \u00e0 basse temp\u00e9rature ; ne pas nettoyer \u00e0 sec.<\/p>\n","protected":false},"excerpt":{"rendered":"<p>Ce pantalon en chenille \u00e0 jambes larges, confortable et \u00e9l\u00e9gant, est dot\u00e9 d&rsquo;un d\u00e9tail c\u00f4tel\u00e9 \u00e0 l&rsquo;avant, ajoutant une touche unique \u00e0 vos tenues. Con\u00e7u pour allier \u00e9l\u00e9gance et confort, il est parfait pour apporter de l&rsquo;originalit\u00e9 \u00e0 votre look. Cet article fait partie de la collection Marina Sport.<\/p>\n<p><strong>Composition du tissu<\/strong> :<br \/>\n95% polyester, 5% \u00e9lasthanne.<\/p>\n","protected":false},"featured_media":22807,"comment_status":"open","ping_status":"closed","template":"","meta":[],"product_brand":[],"product_cat":[137,454],"product_tag":[],"class_list":{"0":"post-23259","1":"product","2":"type-product","3":"status-publish","4":"has-post-thumbnail","6":"product_cat-marina-rinaldi-fr","7":"product_cat-pants-fr","9":"first","10":"instock","11":"shipping-taxable","12":"purchasable","13":"product-type-variable"},"_links":{"self":[{"href":"https:\/\/mercurifashion.com\/fr\/wp-json\/wp\/v2\/product\/23259","targetHints":{"allow":["GET"]}}],"collection":[{"href":"https:\/\/mercurifashion.com\/fr\/wp-json\/wp\/v2\/product"}],"about":[{"href":"https:\/\/mercurifashion.com\/fr\/wp-json\/wp\/v2\/types\/product"}],"replies":[{"embeddable":true,"href":"https:\/\/mercurifashion.com\/fr\/wp-json\/wp\/v2\/comments?post=23259"}],"wp:featuredmedia":[{"embeddable":true,"href":"https:\/\/mercurifashion.com\/fr\/wp-json\/wp\/v2\/media\/22807"}],"wp:attachment":[{"href":"https:\/\/mercurifashion.com\/fr\/wp-json\/wp\/v2\/media?parent=23259"}],"wp:term":[{"taxonomy":"product_brand","embeddable":true,"href":"https:\/\/mercurifashion.com\/fr\/wp-json\/wp\/v2\/product_brand?post=23259"},{"taxonomy":"product_cat","embeddable":true,"href":"https:\/\/mercurifashion.com\/fr\/wp-json\/wp\/v2\/product_cat?post=23259"},{"taxonomy":"product_tag","embeddable":true,"href":"https:\/\/mercurifashion.com\/fr\/wp-json\/wp\/v2\/product_tag?post=23259"}],"curies":[{"name":"wp","href":"https:\/\/api.w.org\/{rel}","templated":true}]}}