{"id":23294,"date":"2024-11-06T19:00:03","date_gmt":"2024-11-06T19:00:03","guid":{"rendered":"https:\/\/mercurifashion.com\/?post_type=product&#038;p=23294"},"modified":"2024-11-12T22:46:38","modified_gmt":"2024-11-12T22:46:38","slug":"weekend-max-mara-pantalon-hiberis-en-blanc","status":"publish","type":"product","link":"https:\/\/mercurifashion.com\/fr\/product\/weekend-max-mara-pantalon-hiberis-en-blanc\/","title":{"rendered":"WEEKEND MAX MARA : Pantalon HIBERIS en blanc"},"content":{"rendered":"<p><strong>Instructions d&rsquo;entretien<\/strong> :<br \/>\nLavage \u00e0 la main \u00e0 l&rsquo;eau froide ; ne pas utiliser d&rsquo;eau de Javel ; ne pas s\u00e9cher en machine. S\u00e9cher \u00e0 plat \u00e0 l&rsquo;ombre, repasser \u00e0 basse temp\u00e9rature avec un tissu entre le fer et le pantalon. Nettoyage \u00e0 sec professionnel avec perchloro\u00e9thyl\u00e8ne en utilisant un processus doux ; \u00e9viter le nettoyage humide et utiliser un d\u00e9tergent neutre.<\/p>\n","protected":false},"excerpt":{"rendered":"<p>Ce pantalon confortable de Weekend Max Mara est confectionn\u00e9 dans un doux m\u00e9lange de laine avec un design en maille unie, offrant une coupe d\u00e9contract\u00e9e avec des poignets hauts et c\u00f4tel\u00e9s pour une finition ajust\u00e9e. La taille \u00e9lastique c\u00f4tel\u00e9e assure confort et facilit\u00e9 de port.<\/p>\n<p><strong>Composition du tissu<\/strong> :<br \/>\n40% laine, 25% polyamide, 25% viscose, 10% cachemire.<\/p>\n","protected":false},"featured_media":22857,"comment_status":"open","ping_status":"closed","template":"","meta":[],"product_brand":[],"product_cat":[143,454],"product_tag":[],"class_list":{"0":"post-23294","1":"product","2":"type-product","3":"status-publish","4":"has-post-thumbnail","6":"product_cat-max-mara-fr","7":"product_cat-pants-fr","9":"first","10":"instock","11":"shipping-taxable","12":"purchasable","13":"product-type-variable"},"_links":{"self":[{"href":"https:\/\/mercurifashion.com\/fr\/wp-json\/wp\/v2\/product\/23294","targetHints":{"allow":["GET"]}}],"collection":[{"href":"https:\/\/mercurifashion.com\/fr\/wp-json\/wp\/v2\/product"}],"about":[{"href":"https:\/\/mercurifashion.com\/fr\/wp-json\/wp\/v2\/types\/product"}],"replies":[{"embeddable":true,"href":"https:\/\/mercurifashion.com\/fr\/wp-json\/wp\/v2\/comments?post=23294"}],"wp:featuredmedia":[{"embeddable":true,"href":"https:\/\/mercurifashion.com\/fr\/wp-json\/wp\/v2\/media\/22857"}],"wp:attachment":[{"href":"https:\/\/mercurifashion.com\/fr\/wp-json\/wp\/v2\/media?parent=23294"}],"wp:term":[{"taxonomy":"product_brand","embeddable":true,"href":"https:\/\/mercurifashion.com\/fr\/wp-json\/wp\/v2\/product_brand?post=23294"},{"taxonomy":"product_cat","embeddable":true,"href":"https:\/\/mercurifashion.com\/fr\/wp-json\/wp\/v2\/product_cat?post=23294"},{"taxonomy":"product_tag","embeddable":true,"href":"https:\/\/mercurifashion.com\/fr\/wp-json\/wp\/v2\/product_tag?post=23294"}],"curies":[{"name":"wp","href":"https:\/\/api.w.org\/{rel}","templated":true}]}}