{"id":23320,"date":"2024-11-16T12:42:44","date_gmt":"2024-11-16T12:42:44","guid":{"rendered":"https:\/\/mercurifashion.com\/?post_type=product&#038;p=23320"},"modified":"2024-11-16T13:07:37","modified_gmt":"2024-11-16T13:07:37","slug":"marina-rinaldi-sweat-en-velours-bikini","status":"publish","type":"product","link":"https:\/\/mercurifashion.com\/fr\/product\/marina-rinaldi-sweat-en-velours-bikini\/","title":{"rendered":"MARINA SPORT : Sweat en velours BIKINI"},"content":{"rendered":"<p><strong>Instructions d&rsquo;entretien<\/strong> :<br \/>\nLavage en machine \u00e0 froid, cycle d\u00e9licat ; ne pas utiliser de javel ; ne pas s\u00e9cher au s\u00e8che-linge ; s\u00e9chage \u00e0 plat \u00e0 l&rsquo;ombre ; repassage doux ; ne pas nettoyer \u00e0 sec. Assurez-vous que le v\u00eatement est ferm\u00e9 avant de le laver.<\/p>\n<ul>\n<li>Tissu en velours doux<\/li>\n<li>Coupe droite d\u00e9contract\u00e9e<\/li>\n<li>Capuche avec cordon r\u00e9glable<\/li>\n<li>Fermeture zipp\u00e9e sur le devant<\/li>\n<li>Manches longues avec poignets<\/li>\n<li>Poches fonctionnelles<\/li>\n<li>Fentes lat\u00e9rales flatteuses<\/li>\n<li>Ourlet asym\u00e9trique moderne<\/li>\n<\/ul>\n","protected":false},"excerpt":{"rendered":"<p>Am\u00e9liorez votre garde-robe d\u00e9contract\u00e9e avec ce sweat en velours chic de Marina Rinaldi. Parfait pour un style d\u00e9contract\u00e9, associez-le avec le pantalon assorti pour un look coordonn\u00e9. Ce sweat fait partie de la collection \u00e9l\u00e9gante Marina Sport.<\/p>\n<p><strong>Composition du tissu<\/strong> :<br \/>\n95 % polyester, 5 % \u00e9lasthanne<\/p>\n","protected":false},"featured_media":23334,"comment_status":"open","ping_status":"closed","template":"","meta":[],"product_brand":[],"product_cat":[137,461],"product_tag":[],"class_list":{"0":"post-23320","1":"product","2":"type-product","3":"status-publish","4":"has-post-thumbnail","6":"product_cat-marina-rinaldi-fr","7":"product_cat-sweatshirts-fr","9":"first","10":"instock","11":"shipping-taxable","12":"purchasable","13":"product-type-variable"},"_links":{"self":[{"href":"https:\/\/mercurifashion.com\/fr\/wp-json\/wp\/v2\/product\/23320","targetHints":{"allow":["GET"]}}],"collection":[{"href":"https:\/\/mercurifashion.com\/fr\/wp-json\/wp\/v2\/product"}],"about":[{"href":"https:\/\/mercurifashion.com\/fr\/wp-json\/wp\/v2\/types\/product"}],"replies":[{"embeddable":true,"href":"https:\/\/mercurifashion.com\/fr\/wp-json\/wp\/v2\/comments?post=23320"}],"wp:featuredmedia":[{"embeddable":true,"href":"https:\/\/mercurifashion.com\/fr\/wp-json\/wp\/v2\/media\/23334"}],"wp:attachment":[{"href":"https:\/\/mercurifashion.com\/fr\/wp-json\/wp\/v2\/media?parent=23320"}],"wp:term":[{"taxonomy":"product_brand","embeddable":true,"href":"https:\/\/mercurifashion.com\/fr\/wp-json\/wp\/v2\/product_brand?post=23320"},{"taxonomy":"product_cat","embeddable":true,"href":"https:\/\/mercurifashion.com\/fr\/wp-json\/wp\/v2\/product_cat?post=23320"},{"taxonomy":"product_tag","embeddable":true,"href":"https:\/\/mercurifashion.com\/fr\/wp-json\/wp\/v2\/product_tag?post=23320"}],"curies":[{"name":"wp","href":"https:\/\/api.w.org\/{rel}","templated":true}]}}