{"id":23428,"date":"2024-11-16T13:58:11","date_gmt":"2024-11-16T13:58:11","guid":{"rendered":"https:\/\/mercurifashion.com\/?post_type=product&#038;p=23428"},"modified":"2024-11-16T14:09:39","modified_gmt":"2024-11-16T14:09:39","slug":"max-mara-studio-blazer-en-cady-a-double-boutonnage-mirella","status":"publish","type":"product","link":"https:\/\/mercurifashion.com\/fr\/product\/max-mara-studio-blazer-en-cady-a-double-boutonnage-mirella\/","title":{"rendered":"MAX MARA STUDIO : Blazer en cady \u00e0 double boutonnage MIRELLA"},"content":{"rendered":"<p><strong>Instructions d&rsquo;entretien<\/strong> :<br \/>\nNe pas laver ; ne pas utiliser de javel ; ne pas s\u00e9cher au s\u00e8che-linge ; repassage \u00e0 basse temp\u00e9rature ; nettoyage \u00e0 sec professionnel au perchlor\u00e9thyl\u00e8ne &#8211; processus doux ; ne pas laver \u00e0 l&rsquo;eau. Lavez le v\u00eatement ferm\u00e9. \u00c9vitez de repasser les boutons et prot\u00e9gez-les avant le nettoyage. Retournez le v\u00eatement avant le lavage.<\/p>\n","protected":false},"excerpt":{"rendered":"<p>Ce blazer \u00e0 double boutonnage de Max Mara Studio pr\u00e9sente une silhouette moderne et oversize. Il est dot\u00e9 d&rsquo;un col \u00e0 revers allong\u00e9, de manches longues ajust\u00e9es, d&rsquo;une \u00e9l\u00e9gante poche poitrine et de poches avant \u00e0 rabat pratiques. Le design est compl\u00e9t\u00e9 par une fente centrale au dos pour plus de confort et un int\u00e9rieur enti\u00e8rement doubl\u00e9. Fermeture par boutons \u00e9l\u00e9gants pour une finition soign\u00e9e.<\/p>\n<p><strong>Composition du tissu<\/strong> :<br \/>\n71 % triac\u00e9tate, 29 % polyester ; doublure 70 % ac\u00e9tate, 30 % polyester.<\/p>\n","protected":false},"featured_media":23454,"comment_status":"open","ping_status":"closed","template":"","meta":[],"product_brand":[],"product_cat":[143,161],"product_tag":[],"class_list":{"0":"post-23428","1":"product","2":"type-product","3":"status-publish","4":"has-post-thumbnail","6":"product_cat-max-mara-fr","7":"product_cat-vestes","9":"first","10":"instock","11":"shipping-taxable","12":"purchasable","13":"product-type-variable"},"_links":{"self":[{"href":"https:\/\/mercurifashion.com\/fr\/wp-json\/wp\/v2\/product\/23428","targetHints":{"allow":["GET"]}}],"collection":[{"href":"https:\/\/mercurifashion.com\/fr\/wp-json\/wp\/v2\/product"}],"about":[{"href":"https:\/\/mercurifashion.com\/fr\/wp-json\/wp\/v2\/types\/product"}],"replies":[{"embeddable":true,"href":"https:\/\/mercurifashion.com\/fr\/wp-json\/wp\/v2\/comments?post=23428"}],"wp:featuredmedia":[{"embeddable":true,"href":"https:\/\/mercurifashion.com\/fr\/wp-json\/wp\/v2\/media\/23454"}],"wp:attachment":[{"href":"https:\/\/mercurifashion.com\/fr\/wp-json\/wp\/v2\/media?parent=23428"}],"wp:term":[{"taxonomy":"product_brand","embeddable":true,"href":"https:\/\/mercurifashion.com\/fr\/wp-json\/wp\/v2\/product_brand?post=23428"},{"taxonomy":"product_cat","embeddable":true,"href":"https:\/\/mercurifashion.com\/fr\/wp-json\/wp\/v2\/product_cat?post=23428"},{"taxonomy":"product_tag","embeddable":true,"href":"https:\/\/mercurifashion.com\/fr\/wp-json\/wp\/v2\/product_tag?post=23428"}],"curies":[{"name":"wp","href":"https:\/\/api.w.org\/{rel}","templated":true}]}}