{"id":23482,"date":"2024-11-17T14:04:17","date_gmt":"2024-11-17T14:04:17","guid":{"rendered":"https:\/\/mercurifashion.com\/?post_type=product&#038;p=23482"},"modified":"2024-11-17T14:09:42","modified_gmt":"2024-11-17T14:09:42","slug":"max-mara-studio-robe-en-dentelle-evasee-kabuki-avec-details-floraux","status":"publish","type":"product","link":"https:\/\/mercurifashion.com\/fr\/product\/max-mara-studio-robe-en-dentelle-evasee-kabuki-avec-details-floraux\/","title":{"rendered":"MAX MARA STUDIO : Robe en dentelle \u00e9vas\u00e9e KABUKI avec d\u00e9tails floraux"},"content":{"rendered":"<p><strong>Instructions d&rsquo;entretien<\/strong> :<br \/>\nRobe : Ne pas laver ; ne pas utiliser de javel ; ne pas s\u00e9cher au s\u00e8che-linge ; repasser \u00e0 basse temp\u00e9rature ; nettoyage \u00e0 sec professionnel au perchlor\u00e9thyl\u00e8ne &#8211; processus doux ; ne pas laver \u00e0 l&rsquo;eau. Lavez le v\u00eatement ferm\u00e9 ; prot\u00e9gez les boutons et retournez le v\u00eatement avant le lavage. Repasser sans vapeur.<br \/>\nCombinaison : Ne pas laver ; ne pas utiliser de javel ; ne pas s\u00e9cher au s\u00e8che-linge ; repasser \u00e0 basse temp\u00e9rature ; nettoyage \u00e0 sec professionnel au perchlor\u00e9thyl\u00e8ne &#8211; processus doux ; ne pas laver \u00e0 l&rsquo;eau.<br \/>\nCeinture : Ne pas laver ; ne pas utiliser de javel ; ne pas s\u00e9cher au s\u00e8che-linge ; ne pas repasser ; ne pas nettoyer \u00e0 sec ; ne pas laver \u00e0 l&rsquo;eau.<\/p>\n","protected":false},"excerpt":{"rendered":"<p>Cette superbe robe en dentelle sans manches de Max Mara Studio pr\u00e9sente une silhouette \u00e9vas\u00e9e flatteuse avec une jupe demi-cercle et de d\u00e9licats volants circulaires sur l\u2019ourlet. Le motif floral en dentelle oversize apporte un \u00e9quilibre \u00e9l\u00e9gant entre transparence et opacit\u00e9 sur l&rsquo;ensemble du v\u00eatement. Con\u00e7ue avec un col mao, des manches courtes et une combinaison assortie avec fines bretelles, elle allie confort et sophistication. Une ceinture assortie permet de marquer la taille pour souligner la silhouette. La robe est dot\u00e9e d&rsquo;une fermeture polo boutonn\u00e9e sur le devant et d&rsquo;une fermeture \u00e9clair discr\u00e8te sur le c\u00f4t\u00e9.<\/p>\n<p><strong>Composition du tissu<\/strong> :<br \/>\nRobe : 81 % coton, 19 % polyamide ; ceinture en polyester avec rev\u00eatement en polyur\u00e9thane.<br \/>\nCombinaison : 85 % ac\u00e9tate, 10 % soie, 5 % polyamide.<\/p>\n","protected":false},"featured_media":23508,"comment_status":"open","ping_status":"closed","template":"","meta":[],"product_brand":[],"product_cat":[143,155],"product_tag":[],"class_list":{"0":"post-23482","1":"product","2":"type-product","3":"status-publish","4":"has-post-thumbnail","6":"product_cat-max-mara-fr","7":"product_cat-robe","9":"first","10":"instock","11":"shipping-taxable","12":"purchasable","13":"product-type-variable"},"_links":{"self":[{"href":"https:\/\/mercurifashion.com\/fr\/wp-json\/wp\/v2\/product\/23482","targetHints":{"allow":["GET"]}}],"collection":[{"href":"https:\/\/mercurifashion.com\/fr\/wp-json\/wp\/v2\/product"}],"about":[{"href":"https:\/\/mercurifashion.com\/fr\/wp-json\/wp\/v2\/types\/product"}],"replies":[{"embeddable":true,"href":"https:\/\/mercurifashion.com\/fr\/wp-json\/wp\/v2\/comments?post=23482"}],"wp:featuredmedia":[{"embeddable":true,"href":"https:\/\/mercurifashion.com\/fr\/wp-json\/wp\/v2\/media\/23508"}],"wp:attachment":[{"href":"https:\/\/mercurifashion.com\/fr\/wp-json\/wp\/v2\/media?parent=23482"}],"wp:term":[{"taxonomy":"product_brand","embeddable":true,"href":"https:\/\/mercurifashion.com\/fr\/wp-json\/wp\/v2\/product_brand?post=23482"},{"taxonomy":"product_cat","embeddable":true,"href":"https:\/\/mercurifashion.com\/fr\/wp-json\/wp\/v2\/product_cat?post=23482"},{"taxonomy":"product_tag","embeddable":true,"href":"https:\/\/mercurifashion.com\/fr\/wp-json\/wp\/v2\/product_tag?post=23482"}],"curies":[{"name":"wp","href":"https:\/\/api.w.org\/{rel}","templated":true}]}}