{"id":23631,"date":"2024-11-17T17:15:09","date_gmt":"2024-11-17T17:15:09","guid":{"rendered":"https:\/\/mercurifashion.com\/?post_type=product&#038;p=23631"},"modified":"2024-11-17T17:24:34","modified_gmt":"2024-11-17T17:24:34","slug":"marina-sport-pull-en-laine-danilo","status":"publish","type":"product","link":"https:\/\/mercurifashion.com\/fr\/product\/marina-sport-pull-en-laine-danilo\/","title":{"rendered":"MARINA SPORT : Pull en laine DANILO"},"content":{"rendered":"<p><strong>Instructions d\u2019entretien<\/strong> :<br \/>\nLavage \u00e0 la main \u00e0 l\u2019eau froide ; ne pas utiliser de javel ; s\u00e9chage \u00e0 plat \u00e0 l\u2019ombre ; repassage \u00e0 basse temp\u00e9rature ; ne pas nettoyer \u00e0 sec ; ne pas laver \u00e0 l\u2019eau.<\/p>\n<ul>\n<li>Pure laine vierge<\/li>\n<li>Coupe droite<\/li>\n<li>Col roul\u00e9<\/li>\n<li>Manches longues raglan<\/li>\n<li>Fentes lat\u00e9rales pour plus de confort<\/li>\n<li>Ourlet asym\u00e9trique moderne<\/li>\n<\/ul>\n","protected":false},"excerpt":{"rendered":"<p>Ce pull \u00e9l\u00e9gant en laine de Marina Sport pr\u00e9sente un m\u00e9lange de bandes en maille unie, moulin\u00e9e et textur\u00e9e, cr\u00e9ant un look sophistiqu\u00e9 et unique. Confectionn\u00e9 en pure laine vierge \u00e0 100 %, il offre une silhouette droite au style intemporel. Dot\u00e9 d\u2019un col roul\u00e9 confortable, de manches longues raglan et de fentes lat\u00e9rales, ce pull allie confort et \u00e9l\u00e9gance. L\u2019ourlet asym\u00e9trique apporte une touche moderne, en faisant un choix polyvalent pour toute garde-robe.<\/p>\n<p><strong>Composition du tissu<\/strong> :<br \/>\n100 % laine vierge.<\/p>\n","protected":false},"featured_media":23671,"comment_status":"open","ping_status":"closed","template":"","meta":[],"product_brand":[],"product_cat":[137,468],"product_tag":[],"class_list":{"0":"post-23631","1":"product","2":"type-product","3":"status-publish","4":"has-post-thumbnail","6":"product_cat-marina-rinaldi-fr","7":"product_cat-sweaters-fr","9":"first","10":"instock","11":"shipping-taxable","12":"purchasable","13":"product-type-variable"},"_links":{"self":[{"href":"https:\/\/mercurifashion.com\/fr\/wp-json\/wp\/v2\/product\/23631","targetHints":{"allow":["GET"]}}],"collection":[{"href":"https:\/\/mercurifashion.com\/fr\/wp-json\/wp\/v2\/product"}],"about":[{"href":"https:\/\/mercurifashion.com\/fr\/wp-json\/wp\/v2\/types\/product"}],"replies":[{"embeddable":true,"href":"https:\/\/mercurifashion.com\/fr\/wp-json\/wp\/v2\/comments?post=23631"}],"wp:featuredmedia":[{"embeddable":true,"href":"https:\/\/mercurifashion.com\/fr\/wp-json\/wp\/v2\/media\/23671"}],"wp:attachment":[{"href":"https:\/\/mercurifashion.com\/fr\/wp-json\/wp\/v2\/media?parent=23631"}],"wp:term":[{"taxonomy":"product_brand","embeddable":true,"href":"https:\/\/mercurifashion.com\/fr\/wp-json\/wp\/v2\/product_brand?post=23631"},{"taxonomy":"product_cat","embeddable":true,"href":"https:\/\/mercurifashion.com\/fr\/wp-json\/wp\/v2\/product_cat?post=23631"},{"taxonomy":"product_tag","embeddable":true,"href":"https:\/\/mercurifashion.com\/fr\/wp-json\/wp\/v2\/product_tag?post=23631"}],"curies":[{"name":"wp","href":"https:\/\/api.w.org\/{rel}","templated":true}]}}