{"id":23692,"date":"2024-11-17T17:35:02","date_gmt":"2024-11-17T17:35:02","guid":{"rendered":"https:\/\/mercurifashion.com\/?post_type=product&#038;p=23692"},"modified":"2024-11-17T17:42:19","modified_gmt":"2024-11-17T17:42:19","slug":"max-mara-studio-manteau-marron-en-alpaga-et-laine-usa","status":"publish","type":"product","link":"https:\/\/mercurifashion.com\/fr\/product\/max-mara-studio-manteau-marron-en-alpaga-et-laine-usa\/","title":{"rendered":"MAX MARA STUDIO : Manteau marron en alpaga et laine USA"},"content":{"rendered":"<p><strong>Manteau style peignoir pour femme :<\/strong><br \/>\nM\u00e9lange d&rsquo;alpaga et de laine vierge<br \/>\nManches kimono longues<br \/>\nFermeture ceintur\u00e9e \u00e0 l&rsquo;avant<br \/>\nCol ch\u00e2le en V<br \/>\nPoches lat\u00e9rales<br \/>\nFinition couture soign\u00e9e<br \/>\nDoubl\u00e9<br \/>\nCoupe classique<br \/>\nCouleur : Marron<\/p>\n","protected":false},"excerpt":{"rendered":"<p>Ce manteau marron de Max Mara Studio associe alpaga et laine vierge. Dot\u00e9 d\u2019une fermeture \u00e0 ceinture, de manches kimono et d\u2019un col ch\u00e2le en V, il est con\u00e7u avec une finition \u00e9l\u00e9gante et doubl\u00e9 pour un confort optimal. Il offre un look intemporel avec une coupe classique.<\/p>\n<p><strong>Composition<\/strong> :<br \/>\n70 % alpaga, 30 % laine vierge<br \/>\nDoublure : 100 % viscose<\/p>\n","protected":false},"featured_media":23706,"comment_status":"open","ping_status":"closed","template":"","meta":[],"product_brand":[],"product_cat":[205,143],"product_tag":[],"class_list":{"0":"post-23692","1":"product","2":"type-product","3":"status-publish","4":"has-post-thumbnail","6":"product_cat-coat","7":"product_cat-max-mara-fr","9":"first","10":"instock","11":"sale","12":"featured","13":"shipping-taxable","14":"purchasable","15":"product-type-variable"},"_links":{"self":[{"href":"https:\/\/mercurifashion.com\/fr\/wp-json\/wp\/v2\/product\/23692","targetHints":{"allow":["GET"]}}],"collection":[{"href":"https:\/\/mercurifashion.com\/fr\/wp-json\/wp\/v2\/product"}],"about":[{"href":"https:\/\/mercurifashion.com\/fr\/wp-json\/wp\/v2\/types\/product"}],"replies":[{"embeddable":true,"href":"https:\/\/mercurifashion.com\/fr\/wp-json\/wp\/v2\/comments?post=23692"}],"wp:featuredmedia":[{"embeddable":true,"href":"https:\/\/mercurifashion.com\/fr\/wp-json\/wp\/v2\/media\/23706"}],"wp:attachment":[{"href":"https:\/\/mercurifashion.com\/fr\/wp-json\/wp\/v2\/media?parent=23692"}],"wp:term":[{"taxonomy":"product_brand","embeddable":true,"href":"https:\/\/mercurifashion.com\/fr\/wp-json\/wp\/v2\/product_brand?post=23692"},{"taxonomy":"product_cat","embeddable":true,"href":"https:\/\/mercurifashion.com\/fr\/wp-json\/wp\/v2\/product_cat?post=23692"},{"taxonomy":"product_tag","embeddable":true,"href":"https:\/\/mercurifashion.com\/fr\/wp-json\/wp\/v2\/product_tag?post=23692"}],"curies":[{"name":"wp","href":"https:\/\/api.w.org\/{rel}","templated":true}]}}