{"id":24282,"date":"2025-01-06T18:01:45","date_gmt":"2025-01-06T18:01:45","guid":{"rendered":"https:\/\/mercurifashion.com\/?post_type=product&#038;p=24282"},"modified":"2025-01-06T18:07:39","modified_gmt":"2025-01-06T18:07:39","slug":"grande-assiette-diametre-30-cm","status":"publish","type":"product","link":"https:\/\/mercurifashion.com\/fr\/product\/grande-assiette-diametre-30-cm\/","title":{"rendered":"Stefano Ricci Home : Grande Assiette Diam\u00e8tre 30 cm"},"content":{"rendered":"","protected":false},"excerpt":{"rendered":"<p>Une \u00e9l\u00e9gante assiette en porcelaine de la collection Stefano Ricci Home \u201cPrecious Malachite\u201d. Bordure luxueuse inspir\u00e9e du malachite avec des accents dor\u00e9s, id\u00e9ale pour sublimer les repas raffin\u00e9s.<\/p>\n","protected":false},"featured_media":24288,"comment_status":"closed","ping_status":"closed","template":"","meta":[],"product_brand":[],"product_cat":[198,482],"product_tag":[],"class_list":{"0":"post-24282","1":"product","2":"type-product","3":"status-publish","4":"has-post-thumbnail","6":"product_cat-stefano-ricci-fr","7":"product_cat-tableware-fr","9":"first","10":"instock","11":"shipping-taxable","12":"purchasable","13":"product-type-simple"},"_links":{"self":[{"href":"https:\/\/mercurifashion.com\/fr\/wp-json\/wp\/v2\/product\/24282","targetHints":{"allow":["GET"]}}],"collection":[{"href":"https:\/\/mercurifashion.com\/fr\/wp-json\/wp\/v2\/product"}],"about":[{"href":"https:\/\/mercurifashion.com\/fr\/wp-json\/wp\/v2\/types\/product"}],"replies":[{"embeddable":true,"href":"https:\/\/mercurifashion.com\/fr\/wp-json\/wp\/v2\/comments?post=24282"}],"wp:featuredmedia":[{"embeddable":true,"href":"https:\/\/mercurifashion.com\/fr\/wp-json\/wp\/v2\/media\/24288"}],"wp:attachment":[{"href":"https:\/\/mercurifashion.com\/fr\/wp-json\/wp\/v2\/media?parent=24282"}],"wp:term":[{"taxonomy":"product_brand","embeddable":true,"href":"https:\/\/mercurifashion.com\/fr\/wp-json\/wp\/v2\/product_brand?post=24282"},{"taxonomy":"product_cat","embeddable":true,"href":"https:\/\/mercurifashion.com\/fr\/wp-json\/wp\/v2\/product_cat?post=24282"},{"taxonomy":"product_tag","embeddable":true,"href":"https:\/\/mercurifashion.com\/fr\/wp-json\/wp\/v2\/product_tag?post=24282"}],"curies":[{"name":"wp","href":"https:\/\/api.w.org\/{rel}","templated":true}]}}