{"id":24304,"date":"2025-01-06T18:30:42","date_gmt":"2025-01-06T18:30:42","guid":{"rendered":"https:\/\/mercurifashion.com\/?post_type=product&#038;p=24304"},"modified":"2025-01-06T18:35:16","modified_gmt":"2025-01-06T18:35:16","slug":"assiette-a-pain-diametre-21-cm","status":"publish","type":"product","link":"https:\/\/mercurifashion.com\/fr\/product\/assiette-a-pain-diametre-21-cm\/","title":{"rendered":"Stefano Ricci Home : Assiette \u00e0 Pain Diam\u00e8tre 21 cm"},"content":{"rendered":"","protected":false},"excerpt":{"rendered":"<p>Une \u00e9l\u00e9gante assiette \u00e0 pain en porcelaine de la collection Stefano Ricci Home \u201cPrecious Malachite\u201d. D\u00e9cor\u00e9e d\u2019un design inspir\u00e9 du malachite et de touches dor\u00e9es, elle apporte une touche raffin\u00e9e \u00e0 votre table.<\/p>\n","protected":false},"featured_media":24310,"comment_status":"closed","ping_status":"closed","template":"","meta":[],"product_brand":[],"product_cat":[198,482],"product_tag":[],"class_list":{"0":"post-24304","1":"product","2":"type-product","3":"status-publish","4":"has-post-thumbnail","6":"product_cat-stefano-ricci-fr","7":"product_cat-tableware-fr","9":"first","10":"instock","11":"shipping-taxable","12":"purchasable","13":"product-type-simple"},"_links":{"self":[{"href":"https:\/\/mercurifashion.com\/fr\/wp-json\/wp\/v2\/product\/24304","targetHints":{"allow":["GET"]}}],"collection":[{"href":"https:\/\/mercurifashion.com\/fr\/wp-json\/wp\/v2\/product"}],"about":[{"href":"https:\/\/mercurifashion.com\/fr\/wp-json\/wp\/v2\/types\/product"}],"replies":[{"embeddable":true,"href":"https:\/\/mercurifashion.com\/fr\/wp-json\/wp\/v2\/comments?post=24304"}],"wp:featuredmedia":[{"embeddable":true,"href":"https:\/\/mercurifashion.com\/fr\/wp-json\/wp\/v2\/media\/24310"}],"wp:attachment":[{"href":"https:\/\/mercurifashion.com\/fr\/wp-json\/wp\/v2\/media?parent=24304"}],"wp:term":[{"taxonomy":"product_brand","embeddable":true,"href":"https:\/\/mercurifashion.com\/fr\/wp-json\/wp\/v2\/product_brand?post=24304"},{"taxonomy":"product_cat","embeddable":true,"href":"https:\/\/mercurifashion.com\/fr\/wp-json\/wp\/v2\/product_cat?post=24304"},{"taxonomy":"product_tag","embeddable":true,"href":"https:\/\/mercurifashion.com\/fr\/wp-json\/wp\/v2\/product_tag?post=24304"}],"curies":[{"name":"wp","href":"https:\/\/api.w.org\/{rel}","templated":true}]}}