{"id":24332,"date":"2025-01-06T19:00:06","date_gmt":"2025-01-06T19:00:06","guid":{"rendered":"https:\/\/mercurifashion.com\/?post_type=product&#038;p=24332"},"modified":"2025-01-06T19:04:38","modified_gmt":"2025-01-06T19:04:38","slug":"assiette-creuse-diametre-23-cm","status":"publish","type":"product","link":"https:\/\/mercurifashion.com\/fr\/product\/assiette-creuse-diametre-23-cm\/","title":{"rendered":"Stefano Ricci Home : Assiette Creuse Diam\u00e8tre 23 cm"},"content":{"rendered":"","protected":false},"excerpt":{"rendered":"<p>Une assiette creuse en porcelaine luxueuse de la collection Stefano Ricci Home \u201cPrecious Malachite\u201d. Pr\u00e9sente un design inspir\u00e9 du malachite avec des accents dor\u00e9s, id\u00e9ale pour des tables \u00e9l\u00e9gantes.<\/p>\n","protected":false},"featured_media":24338,"comment_status":"closed","ping_status":"closed","template":"","meta":[],"product_brand":[],"product_cat":[198,482],"product_tag":[],"class_list":{"0":"post-24332","1":"product","2":"type-product","3":"status-publish","4":"has-post-thumbnail","6":"product_cat-stefano-ricci-fr","7":"product_cat-tableware-fr","9":"first","10":"instock","11":"shipping-taxable","12":"purchasable","13":"product-type-simple"},"_links":{"self":[{"href":"https:\/\/mercurifashion.com\/fr\/wp-json\/wp\/v2\/product\/24332","targetHints":{"allow":["GET"]}}],"collection":[{"href":"https:\/\/mercurifashion.com\/fr\/wp-json\/wp\/v2\/product"}],"about":[{"href":"https:\/\/mercurifashion.com\/fr\/wp-json\/wp\/v2\/types\/product"}],"replies":[{"embeddable":true,"href":"https:\/\/mercurifashion.com\/fr\/wp-json\/wp\/v2\/comments?post=24332"}],"wp:featuredmedia":[{"embeddable":true,"href":"https:\/\/mercurifashion.com\/fr\/wp-json\/wp\/v2\/media\/24338"}],"wp:attachment":[{"href":"https:\/\/mercurifashion.com\/fr\/wp-json\/wp\/v2\/media?parent=24332"}],"wp:term":[{"taxonomy":"product_brand","embeddable":true,"href":"https:\/\/mercurifashion.com\/fr\/wp-json\/wp\/v2\/product_brand?post=24332"},{"taxonomy":"product_cat","embeddable":true,"href":"https:\/\/mercurifashion.com\/fr\/wp-json\/wp\/v2\/product_cat?post=24332"},{"taxonomy":"product_tag","embeddable":true,"href":"https:\/\/mercurifashion.com\/fr\/wp-json\/wp\/v2\/product_tag?post=24332"}],"curies":[{"name":"wp","href":"https:\/\/api.w.org\/{rel}","templated":true}]}}