{"id":24346,"date":"2025-01-06T19:11:41","date_gmt":"2025-01-06T19:11:41","guid":{"rendered":"https:\/\/mercurifashion.com\/?post_type=product&#038;p=24346"},"modified":"2025-01-06T19:15:34","modified_gmt":"2025-01-06T19:15:34","slug":"cremier-33cl","status":"publish","type":"product","link":"https:\/\/mercurifashion.com\/fr\/product\/cremier-33cl\/","title":{"rendered":"Stefano Ricci Home : Cr\u00e9mier 33cl"},"content":{"rendered":"","protected":false},"excerpt":{"rendered":"<p>Un cr\u00e9mier en porcelaine luxueux de la collection Stefano Ricci Home \u201cPrecious Malachite\u201d. Pr\u00e9sente un design inspir\u00e9 du malachite avec des accents dor\u00e9s, ajoutant une touche \u00e9l\u00e9gante \u00e0 votre service \u00e0 th\u00e9 ou caf\u00e9.<\/p>\n","protected":false},"featured_media":24352,"comment_status":"closed","ping_status":"closed","template":"","meta":[],"product_brand":[],"product_cat":[198,482],"product_tag":[],"class_list":{"0":"post-24346","1":"product","2":"type-product","3":"status-publish","4":"has-post-thumbnail","6":"product_cat-stefano-ricci-fr","7":"product_cat-tableware-fr","9":"first","10":"instock","11":"shipping-taxable","12":"purchasable","13":"product-type-simple"},"_links":{"self":[{"href":"https:\/\/mercurifashion.com\/fr\/wp-json\/wp\/v2\/product\/24346","targetHints":{"allow":["GET"]}}],"collection":[{"href":"https:\/\/mercurifashion.com\/fr\/wp-json\/wp\/v2\/product"}],"about":[{"href":"https:\/\/mercurifashion.com\/fr\/wp-json\/wp\/v2\/types\/product"}],"replies":[{"embeddable":true,"href":"https:\/\/mercurifashion.com\/fr\/wp-json\/wp\/v2\/comments?post=24346"}],"wp:featuredmedia":[{"embeddable":true,"href":"https:\/\/mercurifashion.com\/fr\/wp-json\/wp\/v2\/media\/24352"}],"wp:attachment":[{"href":"https:\/\/mercurifashion.com\/fr\/wp-json\/wp\/v2\/media?parent=24346"}],"wp:term":[{"taxonomy":"product_brand","embeddable":true,"href":"https:\/\/mercurifashion.com\/fr\/wp-json\/wp\/v2\/product_brand?post=24346"},{"taxonomy":"product_cat","embeddable":true,"href":"https:\/\/mercurifashion.com\/fr\/wp-json\/wp\/v2\/product_cat?post=24346"},{"taxonomy":"product_tag","embeddable":true,"href":"https:\/\/mercurifashion.com\/fr\/wp-json\/wp\/v2\/product_tag?post=24346"}],"curies":[{"name":"wp","href":"https:\/\/api.w.org\/{rel}","templated":true}]}}