{"id":24360,"date":"2025-01-06T19:33:03","date_gmt":"2025-01-06T19:33:03","guid":{"rendered":"https:\/\/mercurifashion.com\/?post_type=product&#038;p=24360"},"modified":"2025-01-06T19:38:31","modified_gmt":"2025-01-06T19:38:31","slug":"tasse-a-the-et-soucoupe-hauteur-8-cm","status":"publish","type":"product","link":"https:\/\/mercurifashion.com\/fr\/product\/tasse-a-the-et-soucoupe-hauteur-8-cm\/","title":{"rendered":"Stefano Ricci Home : Tasse \u00e0 Th\u00e9 et Soucoupe, Hauteur 8 cm"},"content":{"rendered":"","protected":false},"excerpt":{"rendered":"<p>Un \u00e9l\u00e9gant ensemble tasse \u00e0 th\u00e9 et soucoupe en porcelaine de la collection Stefano Ricci Home \u201cPrecious Malachite\u201d. D\u00e9cor\u00e9 d\u2019un design inspir\u00e9 du malachite avec des accents dor\u00e9s, parfait pour une exp\u00e9rience de th\u00e9 raffin\u00e9e.<\/p>\n","protected":false},"featured_media":24366,"comment_status":"closed","ping_status":"closed","template":"","meta":[],"product_brand":[],"product_cat":[198,482],"product_tag":[],"class_list":{"0":"post-24360","1":"product","2":"type-product","3":"status-publish","4":"has-post-thumbnail","6":"product_cat-stefano-ricci-fr","7":"product_cat-tableware-fr","9":"first","10":"instock","11":"shipping-taxable","12":"purchasable","13":"product-type-simple"},"_links":{"self":[{"href":"https:\/\/mercurifashion.com\/fr\/wp-json\/wp\/v2\/product\/24360","targetHints":{"allow":["GET"]}}],"collection":[{"href":"https:\/\/mercurifashion.com\/fr\/wp-json\/wp\/v2\/product"}],"about":[{"href":"https:\/\/mercurifashion.com\/fr\/wp-json\/wp\/v2\/types\/product"}],"replies":[{"embeddable":true,"href":"https:\/\/mercurifashion.com\/fr\/wp-json\/wp\/v2\/comments?post=24360"}],"wp:featuredmedia":[{"embeddable":true,"href":"https:\/\/mercurifashion.com\/fr\/wp-json\/wp\/v2\/media\/24366"}],"wp:attachment":[{"href":"https:\/\/mercurifashion.com\/fr\/wp-json\/wp\/v2\/media?parent=24360"}],"wp:term":[{"taxonomy":"product_brand","embeddable":true,"href":"https:\/\/mercurifashion.com\/fr\/wp-json\/wp\/v2\/product_brand?post=24360"},{"taxonomy":"product_cat","embeddable":true,"href":"https:\/\/mercurifashion.com\/fr\/wp-json\/wp\/v2\/product_cat?post=24360"},{"taxonomy":"product_tag","embeddable":true,"href":"https:\/\/mercurifashion.com\/fr\/wp-json\/wp\/v2\/product_tag?post=24360"}],"curies":[{"name":"wp","href":"https:\/\/api.w.org\/{rel}","templated":true}]}}