{"id":24409,"date":"2025-01-06T20:27:57","date_gmt":"2025-01-06T20:27:57","guid":{"rendered":"https:\/\/mercurifashion.com\/?post_type=product&#038;p=24409"},"modified":"2025-01-06T20:33:46","modified_gmt":"2025-01-06T20:33:46","slug":"plateau-ovale-384-x-26-cm","status":"publish","type":"product","link":"https:\/\/mercurifashion.com\/fr\/product\/plateau-ovale-384-x-26-cm\/","title":{"rendered":"Stefano Ricci Home : Plateau Ovale 38,4 x 26 cm"},"content":{"rendered":"","protected":false},"excerpt":{"rendered":"<p>Un luxueux plateau ovale en porcelaine de la collection Stefano Ricci Home \u201cPrecious Malachite\u201d. D\u00e9cor\u00e9 d\u2019un design inspir\u00e9 du malachite avec des accents dor\u00e9s, parfait pour un service \u00e9l\u00e9gant et raffin\u00e9.<\/p>\n","protected":false},"featured_media":24399,"comment_status":"closed","ping_status":"closed","template":"","meta":[],"product_brand":[],"product_cat":[198,482],"product_tag":[],"class_list":{"0":"post-24409","1":"product","2":"type-product","3":"status-publish","4":"has-post-thumbnail","6":"product_cat-stefano-ricci-fr","7":"product_cat-tableware-fr","9":"first","10":"instock","11":"shipping-taxable","12":"purchasable","13":"product-type-simple"},"_links":{"self":[{"href":"https:\/\/mercurifashion.com\/fr\/wp-json\/wp\/v2\/product\/24409","targetHints":{"allow":["GET"]}}],"collection":[{"href":"https:\/\/mercurifashion.com\/fr\/wp-json\/wp\/v2\/product"}],"about":[{"href":"https:\/\/mercurifashion.com\/fr\/wp-json\/wp\/v2\/types\/product"}],"replies":[{"embeddable":true,"href":"https:\/\/mercurifashion.com\/fr\/wp-json\/wp\/v2\/comments?post=24409"}],"wp:featuredmedia":[{"embeddable":true,"href":"https:\/\/mercurifashion.com\/fr\/wp-json\/wp\/v2\/media\/24399"}],"wp:attachment":[{"href":"https:\/\/mercurifashion.com\/fr\/wp-json\/wp\/v2\/media?parent=24409"}],"wp:term":[{"taxonomy":"product_brand","embeddable":true,"href":"https:\/\/mercurifashion.com\/fr\/wp-json\/wp\/v2\/product_brand?post=24409"},{"taxonomy":"product_cat","embeddable":true,"href":"https:\/\/mercurifashion.com\/fr\/wp-json\/wp\/v2\/product_cat?post=24409"},{"taxonomy":"product_tag","embeddable":true,"href":"https:\/\/mercurifashion.com\/fr\/wp-json\/wp\/v2\/product_tag?post=24409"}],"curies":[{"name":"wp","href":"https:\/\/api.w.org\/{rel}","templated":true}]}}