{"id":24416,"date":"2025-01-06T20:37:39","date_gmt":"2025-01-06T20:37:39","guid":{"rendered":"https:\/\/mercurifashion.com\/?post_type=product&#038;p=24416"},"modified":"2025-01-06T20:43:14","modified_gmt":"2025-01-06T20:43:14","slug":"plateau-ovale-16x12-cm","status":"publish","type":"product","link":"https:\/\/mercurifashion.com\/fr\/product\/plateau-ovale-16x12-cm\/","title":{"rendered":"Stefano Ricci Home : Plateau Ovale 16&#215;12 cm"},"content":{"rendered":"","protected":false},"excerpt":{"rendered":"<p>Un plateau ovale en porcelaine raffin\u00e9 de la collection Stefano Ricci Home \u201cPrecious Malachite\u201d. Pr\u00e9sente un design inspir\u00e9 du malachite avec des accents dor\u00e9s, parfait pour un service ou une d\u00e9coration luxueuse.<\/p>\n","protected":false},"featured_media":24422,"comment_status":"closed","ping_status":"closed","template":"","meta":[],"product_brand":[],"product_cat":[198,482],"product_tag":[],"class_list":{"0":"post-24416","1":"product","2":"type-product","3":"status-publish","4":"has-post-thumbnail","6":"product_cat-stefano-ricci-fr","7":"product_cat-tableware-fr","9":"first","10":"instock","11":"shipping-taxable","12":"purchasable","13":"product-type-simple"},"_links":{"self":[{"href":"https:\/\/mercurifashion.com\/fr\/wp-json\/wp\/v2\/product\/24416","targetHints":{"allow":["GET"]}}],"collection":[{"href":"https:\/\/mercurifashion.com\/fr\/wp-json\/wp\/v2\/product"}],"about":[{"href":"https:\/\/mercurifashion.com\/fr\/wp-json\/wp\/v2\/types\/product"}],"replies":[{"embeddable":true,"href":"https:\/\/mercurifashion.com\/fr\/wp-json\/wp\/v2\/comments?post=24416"}],"wp:featuredmedia":[{"embeddable":true,"href":"https:\/\/mercurifashion.com\/fr\/wp-json\/wp\/v2\/media\/24422"}],"wp:attachment":[{"href":"https:\/\/mercurifashion.com\/fr\/wp-json\/wp\/v2\/media?parent=24416"}],"wp:term":[{"taxonomy":"product_brand","embeddable":true,"href":"https:\/\/mercurifashion.com\/fr\/wp-json\/wp\/v2\/product_brand?post=24416"},{"taxonomy":"product_cat","embeddable":true,"href":"https:\/\/mercurifashion.com\/fr\/wp-json\/wp\/v2\/product_cat?post=24416"},{"taxonomy":"product_tag","embeddable":true,"href":"https:\/\/mercurifashion.com\/fr\/wp-json\/wp\/v2\/product_tag?post=24416"}],"curies":[{"name":"wp","href":"https:\/\/api.w.org\/{rel}","templated":true}]}}