{"id":24430,"date":"2025-01-06T20:50:28","date_gmt":"2025-01-06T20:50:28","guid":{"rendered":"https:\/\/mercurifashion.com\/?post_type=product&#038;p=24430"},"modified":"2025-01-06T20:53:54","modified_gmt":"2025-01-06T20:53:54","slug":"plateau-ovale-23x14-cm","status":"publish","type":"product","link":"https:\/\/mercurifashion.com\/fr\/product\/plateau-ovale-23x14-cm\/","title":{"rendered":"Stefano Ricci Home : Plateau Ovale 23&#215;14 cm"},"content":{"rendered":"","protected":false},"excerpt":{"rendered":"<p>Un plateau ovale en porcelaine sophistiqu\u00e9 de la collection Stefano Ricci Home \u201cPrecious Malachite\u201d. Pr\u00e9sente un design inspir\u00e9 du malachite avec des accents dor\u00e9s, parfait pour servir ou d\u00e9corer dans un cadre \u00e9l\u00e9gant.<\/p>\n","protected":false},"featured_media":24436,"comment_status":"closed","ping_status":"closed","template":"","meta":[],"product_brand":[],"product_cat":[198,482],"product_tag":[],"class_list":{"0":"post-24430","1":"product","2":"type-product","3":"status-publish","4":"has-post-thumbnail","6":"product_cat-stefano-ricci-fr","7":"product_cat-tableware-fr","9":"first","10":"instock","11":"shipping-taxable","12":"purchasable","13":"product-type-simple"},"_links":{"self":[{"href":"https:\/\/mercurifashion.com\/fr\/wp-json\/wp\/v2\/product\/24430","targetHints":{"allow":["GET"]}}],"collection":[{"href":"https:\/\/mercurifashion.com\/fr\/wp-json\/wp\/v2\/product"}],"about":[{"href":"https:\/\/mercurifashion.com\/fr\/wp-json\/wp\/v2\/types\/product"}],"replies":[{"embeddable":true,"href":"https:\/\/mercurifashion.com\/fr\/wp-json\/wp\/v2\/comments?post=24430"}],"wp:featuredmedia":[{"embeddable":true,"href":"https:\/\/mercurifashion.com\/fr\/wp-json\/wp\/v2\/media\/24436"}],"wp:attachment":[{"href":"https:\/\/mercurifashion.com\/fr\/wp-json\/wp\/v2\/media?parent=24430"}],"wp:term":[{"taxonomy":"product_brand","embeddable":true,"href":"https:\/\/mercurifashion.com\/fr\/wp-json\/wp\/v2\/product_brand?post=24430"},{"taxonomy":"product_cat","embeddable":true,"href":"https:\/\/mercurifashion.com\/fr\/wp-json\/wp\/v2\/product_cat?post=24430"},{"taxonomy":"product_tag","embeddable":true,"href":"https:\/\/mercurifashion.com\/fr\/wp-json\/wp\/v2\/product_tag?post=24430"}],"curies":[{"name":"wp","href":"https:\/\/api.w.org\/{rel}","templated":true}]}}