{"id":24444,"date":"2025-01-06T20:58:31","date_gmt":"2025-01-06T20:58:31","guid":{"rendered":"https:\/\/mercurifashion.com\/?post_type=product&#038;p=24444"},"modified":"2025-01-06T21:06:39","modified_gmt":"2025-01-06T21:06:39","slug":"elephant-en-porcelaine-grand-format","status":"publish","type":"product","link":"https:\/\/mercurifashion.com\/fr\/product\/elephant-en-porcelaine-grand-format\/","title":{"rendered":"Stefano Ricci Home : \u00c9l\u00e9phant en Porcelaine &#8211; Grand Format"},"content":{"rendered":"","protected":false},"excerpt":{"rendered":"<p>Un majestueux \u00e9l\u00e9phant en porcelaine de la collection Stefano Ricci Home. Con\u00e7u avec des courbes \u00e9l\u00e9gantes, une finition blanche brillante et des accents argent\u00e9s, il symbolise la force et la gr\u00e2ce, parfait pour des int\u00e9rieurs luxueux.<\/p>\n","protected":false},"featured_media":24450,"comment_status":"closed","ping_status":"closed","template":"","meta":[],"product_brand":[],"product_cat":[198,482],"product_tag":[],"class_list":{"0":"post-24444","1":"product","2":"type-product","3":"status-publish","4":"has-post-thumbnail","6":"product_cat-stefano-ricci-fr","7":"product_cat-tableware-fr","9":"first","10":"instock","11":"shipping-taxable","12":"purchasable","13":"product-type-simple"},"_links":{"self":[{"href":"https:\/\/mercurifashion.com\/fr\/wp-json\/wp\/v2\/product\/24444","targetHints":{"allow":["GET"]}}],"collection":[{"href":"https:\/\/mercurifashion.com\/fr\/wp-json\/wp\/v2\/product"}],"about":[{"href":"https:\/\/mercurifashion.com\/fr\/wp-json\/wp\/v2\/types\/product"}],"replies":[{"embeddable":true,"href":"https:\/\/mercurifashion.com\/fr\/wp-json\/wp\/v2\/comments?post=24444"}],"wp:featuredmedia":[{"embeddable":true,"href":"https:\/\/mercurifashion.com\/fr\/wp-json\/wp\/v2\/media\/24450"}],"wp:attachment":[{"href":"https:\/\/mercurifashion.com\/fr\/wp-json\/wp\/v2\/media?parent=24444"}],"wp:term":[{"taxonomy":"product_brand","embeddable":true,"href":"https:\/\/mercurifashion.com\/fr\/wp-json\/wp\/v2\/product_brand?post=24444"},{"taxonomy":"product_cat","embeddable":true,"href":"https:\/\/mercurifashion.com\/fr\/wp-json\/wp\/v2\/product_cat?post=24444"},{"taxonomy":"product_tag","embeddable":true,"href":"https:\/\/mercurifashion.com\/fr\/wp-json\/wp\/v2\/product_tag?post=24444"}],"curies":[{"name":"wp","href":"https:\/\/api.w.org\/{rel}","templated":true}]}}