{"id":24480,"date":"2025-01-08T13:17:45","date_gmt":"2025-01-08T13:17:45","guid":{"rendered":"https:\/\/mercurifashion.com\/?post_type=product&#038;p=24480"},"modified":"2025-01-08T13:34:57","modified_gmt":"2025-01-08T13:34:57","slug":"ladenac-bougie-parfumee-en-forme-doeuf-noire-avec-rayures-dorees-220-g","status":"publish","type":"product","link":"https:\/\/mercurifashion.com\/fr\/product\/ladenac-bougie-parfumee-en-forme-doeuf-noire-avec-rayures-dorees-220-g\/","title":{"rendered":"LADENAC: Bougie parfum\u00e9e en forme d&rsquo;\u0153uf, noire avec rayures dor\u00e9es, 220 g"},"content":{"rendered":"<p>Offrez-vous le luxe des bougies parfum\u00e9es exquises de LADENAC. Ces bougies uniques sont non seulement un accessoire \u00e9l\u00e9gant pour votre maison, mais aussi un cadeau parfait pour des jeunes mari\u00e9s, des anniversaires, des f\u00eates d&rsquo;anniversaire ou des c\u00e9l\u00e9brations de mariage. Fabriqu\u00e9es \u00e0 partir de mat\u00e9riaux de haute qualit\u00e9, les bougies LADENAC sont con\u00e7ues par les meilleurs parfumeurs et designers. Chaque pi\u00e8ce arbore un corps en c\u00e9ramique sophistiqu\u00e9, peint \u00e0 la main avec de l&rsquo;or 18 carats et orn\u00e9 de strass. Ces bougies ravissent avec des parfums riches et complexes qui remplissent la maison d&rsquo;une atmosph\u00e8re de raffinement et de convivialit\u00e9.<\/p>\n","protected":false},"excerpt":{"rendered":"<p>Senteur de bois de santal et de muscade. Design en forme d&rsquo;\u0153uf noir avec rayures dor\u00e9es, poids \u2014 220 g, dur\u00e9e de combustion \u2014 55 heures.<br \/>\n<strong>Collection :<\/strong> Bois de Russie.<\/p>\n","protected":false},"featured_media":24493,"comment_status":"closed","ping_status":"closed","template":"","meta":[],"product_brand":[],"product_cat":[475,489],"product_tag":[],"class_list":{"0":"post-24480","1":"product","2":"type-product","3":"status-publish","4":"has-post-thumbnail","6":"product_cat-interior-fr","7":"product_cat-ladenac-fr","9":"first","10":"instock","11":"shipping-taxable","12":"purchasable","13":"product-type-simple"},"_links":{"self":[{"href":"https:\/\/mercurifashion.com\/fr\/wp-json\/wp\/v2\/product\/24480","targetHints":{"allow":["GET"]}}],"collection":[{"href":"https:\/\/mercurifashion.com\/fr\/wp-json\/wp\/v2\/product"}],"about":[{"href":"https:\/\/mercurifashion.com\/fr\/wp-json\/wp\/v2\/types\/product"}],"replies":[{"embeddable":true,"href":"https:\/\/mercurifashion.com\/fr\/wp-json\/wp\/v2\/comments?post=24480"}],"wp:featuredmedia":[{"embeddable":true,"href":"https:\/\/mercurifashion.com\/fr\/wp-json\/wp\/v2\/media\/24493"}],"wp:attachment":[{"href":"https:\/\/mercurifashion.com\/fr\/wp-json\/wp\/v2\/media?parent=24480"}],"wp:term":[{"taxonomy":"product_brand","embeddable":true,"href":"https:\/\/mercurifashion.com\/fr\/wp-json\/wp\/v2\/product_brand?post=24480"},{"taxonomy":"product_cat","embeddable":true,"href":"https:\/\/mercurifashion.com\/fr\/wp-json\/wp\/v2\/product_cat?post=24480"},{"taxonomy":"product_tag","embeddable":true,"href":"https:\/\/mercurifashion.com\/fr\/wp-json\/wp\/v2\/product_tag?post=24480"}],"curies":[{"name":"wp","href":"https:\/\/api.w.org\/{rel}","templated":true}]}}