{"id":24750,"date":"2025-01-19T11:55:32","date_gmt":"2025-01-19T11:55:32","guid":{"rendered":"https:\/\/mercurifashion.com\/?post_type=product&#038;p=24750"},"modified":"2025-01-19T12:00:35","modified_gmt":"2025-01-19T12:00:35","slug":"ladenac-testeur-30ml-bois-de-russie","status":"publish","type":"product","link":"https:\/\/mercurifashion.com\/fr\/product\/ladenac-testeur-30ml-bois-de-russie\/","title":{"rendered":"LADENAC: Testeur 30ml BOIS DE RUSSIE"},"content":{"rendered":"","protected":false},"excerpt":{"rendered":"<p>Ce testeur vous permet de d\u00e9couvrir l&rsquo;\u00e9l\u00e9gant parfum Bois de Russie. Livr\u00e9 sans \u00e9tui d\u00e9coratif, il est fabriqu\u00e9 avec la m\u00eame composition haut de gamme que les bougies d\u00e9cor\u00e9es.<\/p>\n","protected":false},"featured_media":24756,"comment_status":"closed","ping_status":"closed","template":"","meta":[],"product_brand":[],"product_cat":[475,489],"product_tag":[],"class_list":{"0":"post-24750","1":"product","2":"type-product","3":"status-publish","4":"has-post-thumbnail","6":"product_cat-interior-fr","7":"product_cat-ladenac-fr","9":"first","10":"instock","11":"shipping-taxable","12":"purchasable","13":"product-type-simple"},"_links":{"self":[{"href":"https:\/\/mercurifashion.com\/fr\/wp-json\/wp\/v2\/product\/24750","targetHints":{"allow":["GET"]}}],"collection":[{"href":"https:\/\/mercurifashion.com\/fr\/wp-json\/wp\/v2\/product"}],"about":[{"href":"https:\/\/mercurifashion.com\/fr\/wp-json\/wp\/v2\/types\/product"}],"replies":[{"embeddable":true,"href":"https:\/\/mercurifashion.com\/fr\/wp-json\/wp\/v2\/comments?post=24750"}],"wp:featuredmedia":[{"embeddable":true,"href":"https:\/\/mercurifashion.com\/fr\/wp-json\/wp\/v2\/media\/24756"}],"wp:attachment":[{"href":"https:\/\/mercurifashion.com\/fr\/wp-json\/wp\/v2\/media?parent=24750"}],"wp:term":[{"taxonomy":"product_brand","embeddable":true,"href":"https:\/\/mercurifashion.com\/fr\/wp-json\/wp\/v2\/product_brand?post=24750"},{"taxonomy":"product_cat","embeddable":true,"href":"https:\/\/mercurifashion.com\/fr\/wp-json\/wp\/v2\/product_cat?post=24750"},{"taxonomy":"product_tag","embeddable":true,"href":"https:\/\/mercurifashion.com\/fr\/wp-json\/wp\/v2\/product_tag?post=24750"}],"curies":[{"name":"wp","href":"https:\/\/api.w.org\/{rel}","templated":true}]}}