{"id":24764,"date":"2025-01-19T12:26:30","date_gmt":"2025-01-19T12:26:30","guid":{"rendered":"https:\/\/mercurifashion.com\/?post_type=product&#038;p=24764"},"modified":"2025-01-19T12:33:16","modified_gmt":"2025-01-19T12:33:16","slug":"ladenac-diffuseur-a-roseaux-en-forme-doeuf-dore","status":"publish","type":"product","link":"https:\/\/mercurifashion.com\/fr\/product\/ladenac-diffuseur-a-roseaux-en-forme-doeuf-dore\/","title":{"rendered":"LADENAC : Diffuseur \u00e0 roseaux en forme d&rsquo;\u0153uf dor\u00e9"},"content":{"rendered":"<p>D\u00e9couvrez le luxe avec le diffuseur LADENAC en forme d&rsquo;\u0153uf dor\u00e9, une pi\u00e8ce d\u00e9corative et un diffuseur de parfum raffin\u00e9. Fabriqu\u00e9 en c\u00e9ramique avec une finition dor\u00e9e \u00e9l\u00e9gante, agr\u00e9ment\u00e9 d&rsquo;un marquage \u00e0 chaud et de strass d\u00e9licats, il incarne sophistication et exclusivit\u00e9. Les b\u00e2tonnets noirs ajoutent une touche d&rsquo;\u00e9l\u00e9gance tout en garantissant une diffusion optimale du parfum signature Bois de Russie.<\/p>\n<p>Le parfum s\u2019ouvre sur des notes fra\u00eeches de petitgrain, harmonieusement associ\u00e9es \u00e0 des accents chaleureux de bois de santal et de muscade. La base se d\u00e9veloppe avec des nuances bois\u00e9es de c\u00e8dre, mousse de ch\u00eane et cachemire, enveloppant votre espace d&rsquo;\u00e9l\u00e9gance et de s\u00e9r\u00e9nit\u00e9.<\/p>\n<p>250 ml. Dur\u00e9e 2-3 mois.<\/p>\n","protected":false},"excerpt":{"rendered":"<p>Diffuseur de roseaux luxueux en c\u00e9ramique dor\u00e9e en forme d&rsquo;\u0153uf, orn\u00e9 de strass. Parfum Bois de Russie avec des notes de bois de santal, muscade et petitgrain. 250 ml, dur\u00e9e 2-3 mois.<\/p>\n","protected":false},"featured_media":24770,"comment_status":"closed","ping_status":"closed","template":"","meta":[],"product_brand":[],"product_cat":[475,489],"product_tag":[],"class_list":{"0":"post-24764","1":"product","2":"type-product","3":"status-publish","4":"has-post-thumbnail","6":"product_cat-interior-fr","7":"product_cat-ladenac-fr","9":"first","10":"instock","11":"shipping-taxable","12":"purchasable","13":"product-type-simple"},"_links":{"self":[{"href":"https:\/\/mercurifashion.com\/fr\/wp-json\/wp\/v2\/product\/24764","targetHints":{"allow":["GET"]}}],"collection":[{"href":"https:\/\/mercurifashion.com\/fr\/wp-json\/wp\/v2\/product"}],"about":[{"href":"https:\/\/mercurifashion.com\/fr\/wp-json\/wp\/v2\/types\/product"}],"replies":[{"embeddable":true,"href":"https:\/\/mercurifashion.com\/fr\/wp-json\/wp\/v2\/comments?post=24764"}],"wp:featuredmedia":[{"embeddable":true,"href":"https:\/\/mercurifashion.com\/fr\/wp-json\/wp\/v2\/media\/24770"}],"wp:attachment":[{"href":"https:\/\/mercurifashion.com\/fr\/wp-json\/wp\/v2\/media?parent=24764"}],"wp:term":[{"taxonomy":"product_brand","embeddable":true,"href":"https:\/\/mercurifashion.com\/fr\/wp-json\/wp\/v2\/product_brand?post=24764"},{"taxonomy":"product_cat","embeddable":true,"href":"https:\/\/mercurifashion.com\/fr\/wp-json\/wp\/v2\/product_cat?post=24764"},{"taxonomy":"product_tag","embeddable":true,"href":"https:\/\/mercurifashion.com\/fr\/wp-json\/wp\/v2\/product_tag?post=24764"}],"curies":[{"name":"wp","href":"https:\/\/api.w.org\/{rel}","templated":true}]}}