{"id":25024,"date":"2025-10-06T16:53:03","date_gmt":"2025-10-06T16:53:03","guid":{"rendered":"https:\/\/mercurifashion.com\/?post_type=product&#038;p=25024"},"modified":"2025-10-06T17:11:58","modified_gmt":"2025-10-06T17:11:58","slug":"max-mara-studio-jupe-oxiria","status":"publish","type":"product","link":"https:\/\/mercurifashion.com\/fr\/product\/max-mara-studio-jupe-oxiria\/","title":{"rendered":"MAX MARA STUDIO : Jupe OXIRIA"},"content":{"rendered":"<ul>\n<li>Coupe \u00e9vas\u00e9e<\/li>\n<li>Coloris vert militaire uni<\/li>\n<li>Fermeture zipp\u00e9e avec double bouton-pression dor\u00e9<\/li>\n<li>Deux poches lat\u00e9rales<\/li>\n<\/ul>\n","protected":false},"excerpt":{"rendered":"<p>La jupe \u00e9vas\u00e9e Oxiria de la collection Printemps\/\u00c9t\u00e9 2025 de Max Mara Studio incarne une f\u00e9minit\u00e9 moderne subtilement raffin\u00e9e. Confectionn\u00e9e dans un coton exceptionnellement doux, elle se distingue par un vert militaire lumineux, \u00e0 la fois vif et sophistiqu\u00e9. Sa silhouette \u00e9vas\u00e9e s\u2019accompagne de poches pratiques et d\u2019une fermeture frontale zipp\u00e9e avec double bouton dor\u00e9 pour une finition \u00e9l\u00e9gante.<\/p>\n<p>Couleur: KHAKI<br \/>\nComposition du tissu:<br \/>\n100 % coton.<\/p>\n","protected":false},"featured_media":25049,"comment_status":"open","ping_status":"closed","template":"","meta":[],"product_brand":[],"product_cat":[447,143],"product_tag":[],"class_list":{"0":"post-25024","1":"product","2":"type-product","3":"status-publish","4":"has-post-thumbnail","6":"product_cat-skirts-fr","7":"product_cat-max-mara-fr","9":"first","10":"instock","11":"shipping-taxable","12":"purchasable","13":"product-type-variable"},"_links":{"self":[{"href":"https:\/\/mercurifashion.com\/fr\/wp-json\/wp\/v2\/product\/25024","targetHints":{"allow":["GET"]}}],"collection":[{"href":"https:\/\/mercurifashion.com\/fr\/wp-json\/wp\/v2\/product"}],"about":[{"href":"https:\/\/mercurifashion.com\/fr\/wp-json\/wp\/v2\/types\/product"}],"replies":[{"embeddable":true,"href":"https:\/\/mercurifashion.com\/fr\/wp-json\/wp\/v2\/comments?post=25024"}],"wp:featuredmedia":[{"embeddable":true,"href":"https:\/\/mercurifashion.com\/fr\/wp-json\/wp\/v2\/media\/25049"}],"wp:attachment":[{"href":"https:\/\/mercurifashion.com\/fr\/wp-json\/wp\/v2\/media?parent=25024"}],"wp:term":[{"taxonomy":"product_brand","embeddable":true,"href":"https:\/\/mercurifashion.com\/fr\/wp-json\/wp\/v2\/product_brand?post=25024"},{"taxonomy":"product_cat","embeddable":true,"href":"https:\/\/mercurifashion.com\/fr\/wp-json\/wp\/v2\/product_cat?post=25024"},{"taxonomy":"product_tag","embeddable":true,"href":"https:\/\/mercurifashion.com\/fr\/wp-json\/wp\/v2\/product_tag?post=25024"}],"curies":[{"name":"wp","href":"https:\/\/api.w.org\/{rel}","templated":true}]}}