{"id":25176,"date":"2025-10-06T18:07:09","date_gmt":"2025-10-06T18:07:09","guid":{"rendered":"https:\/\/mercurifashion.com\/?post_type=product&#038;p=25176"},"modified":"2025-10-06T18:29:04","modified_gmt":"2025-10-06T18:29:04","slug":"max-mara-studio-pantalon-en-drap-de-laine","status":"publish","type":"product","link":"https:\/\/mercurifashion.com\/fr\/product\/max-mara-studio-pantalon-en-drap-de-laine\/","title":{"rendered":"MAX MARA STUDIO : Pantalon en drap de laine"},"content":{"rendered":"<ul>\n<li>Ne pas laver<\/li>\n<li>Ne pas blanchir<\/li>\n<li>Ne pas s\u00e9cher en tambour<\/li>\n<li>Repassage doux<\/li>\n<li>Nettoyage \u00e0 sec professionnel (perchloro\u00e9thyl\u00e8ne, proc\u00e9d\u00e9 doux)<\/li>\n<li>Ne pas laver \u00e0 l\u2019eau<\/li>\n<li>Laver le v\u00eatement ferm\u00e9<\/li>\n<li>Ne pas repasser les boutons (les prot\u00e9ger avant nettoyage)<\/li>\n<li>Retourner le v\u00eatement avant lavage<\/li>\n<li>Utiliser un linge lors du repassage<\/li>\n<\/ul>\n","protected":false},"excerpt":{"rendered":"<p>Pantalon orn\u00e9 d\u2019une longue ceinture en tissu enduit avec boucle m\u00e9tallique, pour une allure \u00e0 la fois chic et contemporaine.<\/p>\n<ul>\n<li>Pantalon en toile de laine l\u00e9g\u00e8re<\/li>\n<li>Coupe ample, l\u00e9g\u00e8rement fusel\u00e9e vers le bas<\/li>\n<li>Fermeture \u00e0 la taille haute avec patte, braguette zipp\u00e9e et petit crochet<\/li>\n<li>Poches italiennes sur les c\u00f4t\u00e9s<\/li>\n<li>Pinces doubles \u00e0 l\u2019avant de la taille<\/li>\n<li>Pli marqu\u00e9 sur le devant et le dos<\/li>\n<\/ul>\n<p>Composition du tissu :<br \/>\nTissu : 100 % laine vierge<br \/>\nDoublure : 70 % ac\u00e9tate, 30 % polyester<\/p>\n","protected":false},"featured_media":25194,"comment_status":"open","ping_status":"closed","template":"","meta":[],"product_brand":[],"product_cat":[143,454],"product_tag":[],"class_list":{"0":"post-25176","1":"product","2":"type-product","3":"status-publish","4":"has-post-thumbnail","6":"product_cat-max-mara-fr","7":"product_cat-pants-fr","9":"first","10":"instock","11":"shipping-taxable","12":"purchasable","13":"product-type-variable"},"_links":{"self":[{"href":"https:\/\/mercurifashion.com\/fr\/wp-json\/wp\/v2\/product\/25176","targetHints":{"allow":["GET"]}}],"collection":[{"href":"https:\/\/mercurifashion.com\/fr\/wp-json\/wp\/v2\/product"}],"about":[{"href":"https:\/\/mercurifashion.com\/fr\/wp-json\/wp\/v2\/types\/product"}],"replies":[{"embeddable":true,"href":"https:\/\/mercurifashion.com\/fr\/wp-json\/wp\/v2\/comments?post=25176"}],"wp:featuredmedia":[{"embeddable":true,"href":"https:\/\/mercurifashion.com\/fr\/wp-json\/wp\/v2\/media\/25194"}],"wp:attachment":[{"href":"https:\/\/mercurifashion.com\/fr\/wp-json\/wp\/v2\/media?parent=25176"}],"wp:term":[{"taxonomy":"product_brand","embeddable":true,"href":"https:\/\/mercurifashion.com\/fr\/wp-json\/wp\/v2\/product_brand?post=25176"},{"taxonomy":"product_cat","embeddable":true,"href":"https:\/\/mercurifashion.com\/fr\/wp-json\/wp\/v2\/product_cat?post=25176"},{"taxonomy":"product_tag","embeddable":true,"href":"https:\/\/mercurifashion.com\/fr\/wp-json\/wp\/v2\/product_tag?post=25176"}],"curies":[{"name":"wp","href":"https:\/\/api.w.org\/{rel}","templated":true}]}}