{"id":25377,"date":"2025-10-10T16:39:08","date_gmt":"2025-10-10T16:39:08","guid":{"rendered":"https:\/\/mercurifashion.com\/?post_type=product&#038;p=25377"},"modified":"2025-10-10T16:49:50","modified_gmt":"2025-10-10T16:49:50","slug":"manteau-matelasse-novak","status":"publish","type":"product","link":"https:\/\/mercurifashion.com\/fr\/product\/manteau-matelasse-novak\/","title":{"rendered":"WEEKEND MAX MARA : Manteau matelass\u00e9 Novak"},"content":{"rendered":"<p><strong>Instructions d\u2019entretien :<\/strong><\/p>\n<ul>\n<li>Ne pas laver<\/li>\n<li>Ne pas utiliser de javel<\/li>\n<li>Ne pas s\u00e9cher en machine<\/li>\n<li>Repasser \u00e0 basse temp\u00e9rature si n\u00e9cessaire<\/li>\n<li>Nettoyage \u00e0 sec professionnel (proc\u00e9d\u00e9 doux)<\/li>\n<li>Ne pas laver \u00e0 l\u2019eau<\/li>\n<li>Fermer toutes les attaches avant le nettoyage<\/li>\n<li>Conserver dans un endroit frais et sec<\/li>\n<\/ul>\n","protected":false},"excerpt":{"rendered":"<p>Le manteau Novak de Weekend Max Mara allie fonctionnalit\u00e9 et modernit\u00e9 avec \u00e9l\u00e9gance. Confectionn\u00e9 en toile d\u00e9perlante, ce long manteau r\u00e9versible est dot\u00e9 d\u2019une capuche \u00e0 cordon et de manches raglan pour une silhouette d\u00e9contract\u00e9e mais raffin\u00e9e. Sa coupe droite comprend des fentes lat\u00e9rales, une fermeture zipp\u00e9e dissimul\u00e9e par des boutons-pression et des poches pratiques. Le design r\u00e9versible pr\u00e9sente un matelassage \u00e0 rayures d\u2019un c\u00f4t\u00e9 et un motif \u201coignon\u201d de l\u2019autre, tous deux garnis de duvet d\u2019oie d\u2019une douceur luxueuse pour une chaleur optimale. Une pi\u00e8ce polyvalente qui incarne le style, la praticit\u00e9 et le savoir-faire italien.<\/p>\n<p>Couleur : Noir<\/p>\n","protected":false},"featured_media":25391,"comment_status":"open","ping_status":"closed","template":"","meta":[],"product_brand":[],"product_cat":[205,143],"product_tag":[],"class_list":{"0":"post-25377","1":"product","2":"type-product","3":"status-publish","4":"has-post-thumbnail","6":"product_cat-coat","7":"product_cat-max-mara-fr","9":"first","10":"outofstock","11":"shipping-taxable","12":"purchasable","13":"product-type-variable"},"_links":{"self":[{"href":"https:\/\/mercurifashion.com\/fr\/wp-json\/wp\/v2\/product\/25377","targetHints":{"allow":["GET"]}}],"collection":[{"href":"https:\/\/mercurifashion.com\/fr\/wp-json\/wp\/v2\/product"}],"about":[{"href":"https:\/\/mercurifashion.com\/fr\/wp-json\/wp\/v2\/types\/product"}],"replies":[{"embeddable":true,"href":"https:\/\/mercurifashion.com\/fr\/wp-json\/wp\/v2\/comments?post=25377"}],"wp:featuredmedia":[{"embeddable":true,"href":"https:\/\/mercurifashion.com\/fr\/wp-json\/wp\/v2\/media\/25391"}],"wp:attachment":[{"href":"https:\/\/mercurifashion.com\/fr\/wp-json\/wp\/v2\/media?parent=25377"}],"wp:term":[{"taxonomy":"product_brand","embeddable":true,"href":"https:\/\/mercurifashion.com\/fr\/wp-json\/wp\/v2\/product_brand?post=25377"},{"taxonomy":"product_cat","embeddable":true,"href":"https:\/\/mercurifashion.com\/fr\/wp-json\/wp\/v2\/product_cat?post=25377"},{"taxonomy":"product_tag","embeddable":true,"href":"https:\/\/mercurifashion.com\/fr\/wp-json\/wp\/v2\/product_tag?post=25377"}],"curies":[{"name":"wp","href":"https:\/\/api.w.org\/{rel}","templated":true}]}}