{"id":26523,"date":"2025-10-14T16:54:42","date_gmt":"2025-10-14T16:54:42","guid":{"rendered":"https:\/\/mercurifashion.com\/?post_type=product&#038;p=26523"},"modified":"2025-10-14T17:19:50","modified_gmt":"2025-10-14T17:19:50","slug":"veste-courte-mina-en-drap-double-de-laine-camel","status":"publish","type":"product","link":"https:\/\/mercurifashion.com\/fr\/product\/veste-courte-mina-en-drap-double-de-laine-camel\/","title":{"rendered":"MAX MARA STUDIO : Veste courte MINA en drap double de laine camel"},"content":{"rendered":"<p><strong>Instructions d\u2019entretien :<\/strong><\/p>\n<ul>\n<li><strong>Nettoyage \u00e0 sec professionnel uniquement :<\/strong> En raison du m\u00e9lange d\u00e9licat de laine vierge, de soie et de cachemire, un nettoyage professionnel est recommand\u00e9 pour pr\u00e9server la qualit\u00e9 et la forme du v\u00eatement.<\/li>\n<li>Ne pas laver en machine.<\/li>\n<li>Ne pas utiliser de javel.<\/li>\n<li>Ne pas s\u00e9cher en machine.<\/li>\n<li>Repasser \u00e0 basse temp\u00e9rature avec un linge si n\u00e9cessaire.<\/li>\n<\/ul>\n","protected":false},"excerpt":{"rendered":"<p>Cette veste luxueuse red\u00e9finit l\u2019\u00e9l\u00e9gance d\u00e9contract\u00e9e gr\u00e2ce \u00e0 son m\u00e9lange raffin\u00e9 de fibres naturelles de premi\u00e8re qualit\u00e9. Enti\u00e8rement cousue \u00e0 la main pour une finition parfaite, elle offre une sensation douce et chaleureuse et un look sophistiqu\u00e9.<br \/>\nConfectionn\u00e9e dans un m\u00e9lange riche de laine vierge, de soie et de cachemire, elle pr\u00e9sente une coupe droite et d\u00e9contract\u00e9e avec des \u00e9paules tombantes pour un style sans effort. Dot\u00e9e d\u2019une capuche \u00e0 cordon ajustable et d\u2019une fermeture zipp\u00e9e sur le devant, elle se distingue par sa poche poitrine arrondie, son ourlet courb\u00e9 et ses fentes lat\u00e9rales discr\u00e8tes pour plus de confort. La couleur camel classique en fait une pi\u00e8ce polyvalente et intemporelle.<\/p>\n<p><strong>Composition du tissu :<\/strong><\/p>\n<ul>\n<li>Laine vierge : 88 %<\/li>\n<li>Soie : 6 %<\/li>\n<li>Cachemire : 6 %<\/li>\n<\/ul>\n","protected":false},"featured_media":26559,"comment_status":"open","ping_status":"closed","template":"","meta":[],"product_brand":[],"product_cat":[143,161],"product_tag":[],"class_list":{"0":"post-26523","1":"product","2":"type-product","3":"status-publish","4":"has-post-thumbnail","6":"product_cat-max-mara-fr","7":"product_cat-vestes","9":"first","10":"outofstock","11":"shipping-taxable","12":"purchasable","13":"product-type-variable"},"_links":{"self":[{"href":"https:\/\/mercurifashion.com\/fr\/wp-json\/wp\/v2\/product\/26523","targetHints":{"allow":["GET"]}}],"collection":[{"href":"https:\/\/mercurifashion.com\/fr\/wp-json\/wp\/v2\/product"}],"about":[{"href":"https:\/\/mercurifashion.com\/fr\/wp-json\/wp\/v2\/types\/product"}],"replies":[{"embeddable":true,"href":"https:\/\/mercurifashion.com\/fr\/wp-json\/wp\/v2\/comments?post=26523"}],"wp:featuredmedia":[{"embeddable":true,"href":"https:\/\/mercurifashion.com\/fr\/wp-json\/wp\/v2\/media\/26559"}],"wp:attachment":[{"href":"https:\/\/mercurifashion.com\/fr\/wp-json\/wp\/v2\/media?parent=26523"}],"wp:term":[{"taxonomy":"product_brand","embeddable":true,"href":"https:\/\/mercurifashion.com\/fr\/wp-json\/wp\/v2\/product_brand?post=26523"},{"taxonomy":"product_cat","embeddable":true,"href":"https:\/\/mercurifashion.com\/fr\/wp-json\/wp\/v2\/product_cat?post=26523"},{"taxonomy":"product_tag","embeddable":true,"href":"https:\/\/mercurifashion.com\/fr\/wp-json\/wp\/v2\/product_tag?post=26523"}],"curies":[{"name":"wp","href":"https:\/\/api.w.org\/{rel}","templated":true}]}}