{"id":21415,"date":"2024-08-31T09:50:47","date_gmt":"2024-08-31T09:50:47","guid":{"rendered":"https:\/\/mercurifashion.com\/?page_id=21415"},"modified":"2024-08-31T10:20:18","modified_gmt":"2024-08-31T10:20:18","slug":"cookie-policy","status":"publish","type":"page","link":"https:\/\/mercurifashion.com\/it\/cookie-policy\/","title":{"rendered":"Politica sui Cookie"},"content":{"rendered":"<h2>Politica sui Cookie<\/h2>\n<p><strong>Data di entrata in vigore: 31\/08\/2024<\/strong><\/p>\n<h3>Quali tipi di cookie utilizza il sito MercuriFashion.com?<\/h3>\n<p>I cookie ci aiutano a migliorare la tua esperienza fornendoci informazioni su come viene utilizzato il sito. I nostri cookie non memorizzano informazioni finanziarie o altre informazioni personali come il tuo nome o indirizzo email.<\/p>\n<p>Oltre ai nostri cookie, utilizziamo strumenti di terze parti che utilizzano anche i cookie.<\/p>\n<p>Sul nostro sito c&#8217;\u00e8 un avviso che fornisce un link alla nostra politica sui cookie. Se continui a utilizzare il sito MercuriFashion.com, assumiamo che tu acconsenta all&#8217;uso dei cookie per questo scopo.<\/p>\n<p>Se, dopo aver letto queste informazioni, hai domande o dubbi sulla nostra politica sui cookie, contattaci all&#8217;indirizzo <a href=\"mailto:support@mercurifashion.com\">support@mercurifashion.com<\/a> o leggi la nostra <a href=\"https:\/\/mercurifashion.com\/privacy-policy\/\">Politica sulla Privacy<\/a>.<\/p>\n<h3>Utilizziamo i seguenti tipi di cookie:<\/h3>\n<h3>Tipo di cookie e come li usiamo<\/h3>\n<h4>Strettamente necessari<\/h4>\n<p>Questi cookie sono essenziali per il funzionamento dei nostri siti web. Ad esempio, tengono traccia di ci\u00f2 che hai nel carrello, ti identificano come utente connesso al sito e ci permettono di riconoscerti come cliente. Se blocchi questi cookie, non possiamo garantire che il sito funzioni correttamente.<\/p>\n<h4>Prestazioni<\/h4>\n<p>Utilizziamo questi cookie per analizzare come i nostri visitatori utilizzano i nostri siti web e per monitorare le prestazioni del sito. Ad esempio, possiamo usarli per tracciare quali pagine sono le pi\u00f9 popolari, testare il design e l&#8217;usabilit\u00e0 di nuove pagine web e determinare perch\u00e9 alcune pagine generano messaggi di errore.<\/p>\n<h4>Funzionalit\u00e0<\/h4>\n<p>Utilizziamo i cookie di funzionalit\u00e0 per ricordare le scelte che fai, come quale edizione regionale del sito vuoi vedere quando accedi. Questi cookie ricordano qualsiasi personalizzazione che fai alle pagine del sito durante la tua visita. Se blocchi questi cookie, alcune funzionalit\u00e0 e servizi potrebbero essere influenzati e non possiamo essere sicuri di come il sito funzioner\u00e0 durante la tua visita.<\/p>\n<h4>Marketing<\/h4>\n<p>Questi cookie vengono utilizzati per tracciare le abitudini di navigazione e le attivit\u00e0 dei nostri visitatori sui nostri siti web. Possono essere utilizzati per creare un profilo della cronologia di ricerca e\/o di navigazione per ogni visitatore. Possono essere raccolte informazioni identificabili o uniche. Le informazioni anonime possono essere condivise con terze parti. Queste informazioni sono collegate alla funzionalit\u00e0 del sito fornita da altri siti web e possono essere condivise con altre organizzazioni (come reti pubblicitarie).<\/p>\n<h4>Terze parti<\/h4>\n<p>Utilizziamo anche o permettiamo a terze parti di utilizzare cookie che rientrano nelle quattro categorie sopra menzionate. Ad esempio, come molte aziende, utilizziamo Google Analytics per aiutarci a monitorare il traffico del nostro sito web. Possiamo anche utilizzare cookie di terze parti per aiutarci con le ricerche di mercato, il tracciamento delle vendite, il miglioramento della funzionalit\u00e0 del sito e il monitoraggio della conformit\u00e0 ai nostri termini e condizioni.<\/p>\n<h3>Come posso controllare i miei cookie?<\/h3>\n<p>Puoi gestire i cookie che memorizziamo sul nostro sito web in qualsiasi momento tramite le impostazioni del tuo browser Internet. Per ulteriori informazioni su come fare questo e sui cookie in generale, visita <a href=\"https:\/\/ico.org.uk\/for-the-public\/online\/cookies\/\">https:\/\/ico.org.uk\/for-the-public\/online\/cookies\/<\/a> e <a href=\"https:\/\/www.youronlinechoices.eu\">https:\/\/www.youronlinechoices.eu<\/a>.<\/p>\n<p>Tieni presente che se disattivi tutti i cookie, la tua esperienza sul nostro sito sar\u00e0 influenzata, alcune funzionalit\u00e0 saranno ridotte e la tua esperienza complessiva su MercuriFashion.com sar\u00e0 peggiore.<\/p>\n<p>Questa politica ti fornisce tutte le informazioni di cui hai bisogno sul nostro utilizzo dei cookie. Se non ti senti a tuo agio con questi cookie, contattaci per ulteriori informazioni o utilizza le linee guida sopra per disattivarli.<\/p>\n<p><em>Nota: Questa politica sui cookie \u00e8 stata progettata per conformarsi al Regolamento generale sulla protezione dei dati (GDPR) dell&#8217;UE e alla legislazione della Repubblica di San Marino. Fornisce informazioni dettagliate sull&#8217;uso dei cookie sul nostro sito web e offre indicazioni su come gli utenti possono gestire le loro preferenze in conformit\u00e0 con le leggi applicabili.<\/em><\/p>\n","protected":false},"excerpt":{"rendered":"<p>Politica sui Cookie Data di entrata in vigore: 31\/08\/2024 Quali tipi di cookie utilizza il sito MercuriFashion.com? I cookie ci<\/p>\n","protected":false},"author":2,"featured_media":0,"parent":0,"menu_order":0,"comment_status":"closed","ping_status":"closed","template":"","meta":{"footnotes":""},"class_list":["post-21415","page","type-page","status-publish","hentry"],"_links":{"self":[{"href":"https:\/\/mercurifashion.com\/it\/wp-json\/wp\/v2\/pages\/21415","targetHints":{"allow":["GET"]}}],"collection":[{"href":"https:\/\/mercurifashion.com\/it\/wp-json\/wp\/v2\/pages"}],"about":[{"href":"https:\/\/mercurifashion.com\/it\/wp-json\/wp\/v2\/types\/page"}],"author":[{"embeddable":true,"href":"https:\/\/mercurifashion.com\/it\/wp-json\/wp\/v2\/users\/2"}],"replies":[{"embeddable":true,"href":"https:\/\/mercurifashion.com\/it\/wp-json\/wp\/v2\/comments?post=21415"}],"version-history":[{"count":1,"href":"https:\/\/mercurifashion.com\/it\/wp-json\/wp\/v2\/pages\/21415\/revisions"}],"predecessor-version":[{"id":21416,"href":"https:\/\/mercurifashion.com\/it\/wp-json\/wp\/v2\/pages\/21415\/revisions\/21416"}],"wp:attachment":[{"href":"https:\/\/mercurifashion.com\/it\/wp-json\/wp\/v2\/media?parent=21415"}],"curies":[{"name":"wp","href":"https:\/\/api.w.org\/{rel}","templated":true}]}}