{"id":21528,"date":"2024-09-18T15:51:46","date_gmt":"2024-09-18T15:51:46","guid":{"rendered":"https:\/\/mercurifashion.com\/?page_id=21528"},"modified":"2024-09-18T16:33:02","modified_gmt":"2024-09-18T16:33:02","slug":"shipping","status":"publish","type":"page","link":"https:\/\/mercurifashion.com\/it\/shipping\/","title":{"rendered":"Spedizione"},"content":{"rendered":"<h2>Termini di spedizione per MercuriFashion.com<\/h2>\n<p>&nbsp;<\/p>\n<p><strong>Spedizione gratuita in tutto il mondo con DHL Express<\/strong><br \/>\nSiamo lieti di offrire la spedizione gratuita in tutto il mondo con DHL Express per tutti gli acquisti effettuati nel nostro negozio online. Il nostro obiettivo \u00e8 garantire una consegna rapida e affidabile, ovunque vi troviate.<\/p>\n<h3>Posizione dei prodotti<\/h3>\n<p>Tutti gli articoli disponibili su MercuriFashion.com sono conservati nel nostro magazzino nella Repubblica di San Marino. Prima di essere spediti al di fuori dei confini di San Marino, ogni prodotto passa attraverso la procedura doganale obbligatoria e riceve una licenza di esportazione in conformit\u00e0 con le leggi della Repubblica di San Marino. Le procedure di esportazione e doganali sono conformi ai requisiti del Codice Doganale della Repubblica di San Marino (Legge n. 122 del 2010).<\/p>\n<h3>Elaborazione degli ordini<\/h3>\n<p>Dopo aver effettuato un ordine nel nostro negozio online, esso verr\u00e0 elaborato il giorno lavorativo successivo. Se l&#8217;ordine viene effettuato durante una festivit\u00e0 ufficiale o una celebrazione religiosa, l&#8217;elaborazione verr\u00e0 posticipata al giorno lavorativo successivo. Si prega di notare che non elaboriamo n\u00e9 spediamo ordini durante i giorni festivi della Repubblica di San Marino. Per un elenco completo dei giorni festivi, si prega di fare riferimento al Decreto Legislativo n. 100 del 1998.<\/p>\n<h3>Metodi di spedizione e tempi di consegna<\/h3>\n<p>Tutti gli ordini vengono spediti tramite DHL Express, che garantisce una consegna affidabile e veloce nella maggior parte dei paesi del mondo. Il tempo medio di consegna \u00e8 di 2-3 giorni lavorativi dal momento in cui il vostro ordine viene elaborato. Tuttavia, i tempi di consegna per le aree remote possono essere pi\u00f9 lunghi, a seconda delle specifiche logistiche del paese e della regione di destinazione.<\/p>\n<h3>Tracciamento dell&#8217;ordine<\/h3>\n<p>Una volta che il vostro ordine \u00e8 stato elaborato e spedito, riceverete un codice di tracciamento via e-mail fornito al momento del pagamento. Potete utilizzare questo codice per tracciare lo stato e la posizione del vostro ordine tramite il sistema di tracciamento di DHL sul loro sito ufficiale. Questo vi permetter\u00e0 di rimanere aggiornati sul progresso della vostra consegna.<\/p>\n<h3>Ritardi di spedizione durante le festivit\u00e0<\/h3>\n<p>Si prega di notare che durante le festivit\u00e0 religiose e civili, sia a San Marino che all&#8217;estero, i tempi di elaborazione e consegna possono essere prolungati. Vi incoraggiamo a pianificare i vostri acquisti in anticipo, soprattutto durante le principali festivit\u00e0 internazionali come Natale e Pasqua.<\/p>\n<h3>Garanzie legali e diritti dei consumatori<\/h3>\n<p>Tutti i processi di spedizione sono conformi alla legislazione vigente della Repubblica di San Marino e alle normative commerciali internazionali. Garantiamo che tutti gli obblighi di spedizione saranno rispettati entro i tempi concordati. In quanto consumatori, avete il diritto di restituire o cambiare i prodotti in conformit\u00e0 con la Legge sulla tutela dei consumatori n. 119 del 2005 della Repubblica di San Marino.<\/p>\n<p>Ci impegniamo a fornire ai nostri clienti il miglior servizio possibile, garantendo spedizioni rapide e affidabili per ogni acquisto.<\/p>\n","protected":false},"excerpt":{"rendered":"<p>Termini di spedizione per MercuriFashion.com &nbsp; Spedizione gratuita in tutto il mondo con DHL Express Siamo lieti di offrire la<\/p>\n","protected":false},"author":2,"featured_media":0,"parent":0,"menu_order":0,"comment_status":"closed","ping_status":"closed","template":"","meta":{"footnotes":""},"class_list":["post-21528","page","type-page","status-publish","hentry"],"_links":{"self":[{"href":"https:\/\/mercurifashion.com\/it\/wp-json\/wp\/v2\/pages\/21528","targetHints":{"allow":["GET"]}}],"collection":[{"href":"https:\/\/mercurifashion.com\/it\/wp-json\/wp\/v2\/pages"}],"about":[{"href":"https:\/\/mercurifashion.com\/it\/wp-json\/wp\/v2\/types\/page"}],"author":[{"embeddable":true,"href":"https:\/\/mercurifashion.com\/it\/wp-json\/wp\/v2\/users\/2"}],"replies":[{"embeddable":true,"href":"https:\/\/mercurifashion.com\/it\/wp-json\/wp\/v2\/comments?post=21528"}],"version-history":[{"count":2,"href":"https:\/\/mercurifashion.com\/it\/wp-json\/wp\/v2\/pages\/21528\/revisions"}],"predecessor-version":[{"id":21538,"href":"https:\/\/mercurifashion.com\/it\/wp-json\/wp\/v2\/pages\/21528\/revisions\/21538"}],"wp:attachment":[{"href":"https:\/\/mercurifashion.com\/it\/wp-json\/wp\/v2\/media?parent=21528"}],"curies":[{"name":"wp","href":"https:\/\/api.w.org\/{rel}","templated":true}]}}