{"id":23830,"date":"2024-07-24T11:50:16","date_gmt":"2024-07-24T11:50:16","guid":{"rendered":"https:\/\/mercurifashion.com\/?page_id=23830"},"modified":"2024-11-27T20:35:42","modified_gmt":"2024-11-27T20:35:42","slug":"about-us","status":"publish","type":"page","link":"https:\/\/mercurifashion.com\/it\/about-us\/","title":{"rendered":"Informazioni su MERCURI"},"content":{"rendered":"<div class=\"fusion-fullwidth fullwidth-box fusion-builder-row-1 fusion-flex-container has-pattern-background has-mask-background nonhundred-percent-fullwidth non-hundred-percent-height-scrolling\" style=\"--awb-border-radius-top-left:0px;--awb-border-radius-top-right:0px;--awb-border-radius-bottom-right:0px;--awb-border-radius-bottom-left:0px;--awb-flex-wrap:wrap;\" ><div class=\"fusion-builder-row fusion-row fusion-flex-align-items-flex-start fusion-flex-content-wrap\" style=\"max-width:1216.8px;margin-left: calc(-4% \/ 2 );margin-right: calc(-4% \/ 2 );\"><div class=\"fusion-layout-column fusion_builder_column fusion-builder-column-0 fusion_builder_column_1_3 1_3 fusion-flex-column\" style=\"--awb-bg-size:cover;--awb-width-large:33.333333333333%;--awb-margin-top-large:15px;--awb-spacing-right-large:5.76%;--awb-margin-bottom-large:15px;--awb-spacing-left-large:5.76%;--awb-width-medium:100%;--awb-order-medium:0;--awb-spacing-right-medium:1.92%;--awb-spacing-left-medium:1.92%;--awb-width-small:100%;--awb-order-small:0;--awb-spacing-right-small:1.92%;--awb-spacing-left-small:1.92%;\"><div class=\"fusion-column-wrapper fusion-column-has-shadow fusion-flex-justify-content-flex-start fusion-content-layout-column\"><div class=\"fusion-image-element \" style=\"--awb-mask-url: url(https:\/\/mercurifashion.com\/wp-content\/plugins\/fusion-builder\/\/assets\/images\/masks\/mask-5.svg);--awb-margin-top:100px;--awb-caption-title-font-family:var(--h2_typography-font-family);--awb-caption-title-font-weight:var(--h2_typography-font-weight);--awb-caption-title-font-style:var(--h2_typography-font-style);--awb-caption-title-size:var(--h2_typography-font-size);--awb-caption-title-transform:var(--h2_typography-text-transform);--awb-caption-title-line-height:var(--h2_typography-line-height);--awb-caption-title-letter-spacing:var(--h2_typography-letter-spacing);\"><span class=\" fusion-imageframe imageframe-none imageframe-1 hover-type-none has-mask\"><img decoding=\"async\" width=\"1200\" height=\"900\" alt=\"MERCURI store\" title=\"store\" src=\"https:\/\/mercurifashion.com\/wp-content\/uploads\/2024\/11\/store.webp\" data-orig-src=\"https:\/\/mercurifashion.com\/wp-content\/uploads\/2024\/11\/store.webp\" class=\"lazyload img-responsive wp-image-23810\" srcset=\"data:image\/svg+xml,%3Csvg%20xmlns%3D%27http%3A%2F%2Fwww.w3.org%2F2000%2Fsvg%27%20width%3D%271200%27%20height%3D%27900%27%20viewBox%3D%270%200%201200%20900%27%3E%3Crect%20width%3D%271200%27%20height%3D%27900%27%20fill-opacity%3D%220%22%2F%3E%3C%2Fsvg%3E\" data-srcset=\"https:\/\/mercurifashion.com\/wp-content\/uploads\/2024\/11\/store-200x150.webp 200w, https:\/\/mercurifashion.com\/wp-content\/uploads\/2024\/11\/store-300x225.webp 300w, https:\/\/mercurifashion.com\/wp-content\/uploads\/2024\/11\/store-400x300.webp 400w, https:\/\/mercurifashion.com\/wp-content\/uploads\/2024\/11\/store-500x375.webp 500w, https:\/\/mercurifashion.com\/wp-content\/uploads\/2024\/11\/store-600x450.webp 600w, https:\/\/mercurifashion.com\/wp-content\/uploads\/2024\/11\/store-700x525.webp 700w, https:\/\/mercurifashion.com\/wp-content\/uploads\/2024\/11\/store-768x576.webp 768w, https:\/\/mercurifashion.com\/wp-content\/uploads\/2024\/11\/store-800x600.webp 800w, https:\/\/mercurifashion.com\/wp-content\/uploads\/2024\/11\/store-1024x768.webp 1024w, https:\/\/mercurifashion.com\/wp-content\/uploads\/2024\/11\/store.webp 1200w\" data-sizes=\"auto\" data-orig-sizes=\"(max-width: 1024px) 100vw, (max-width: 640px) 100vw, 400px\" \/><\/span><\/div><div class=\"fusion-text fusion-text-1\" style=\"--awb-margin-top:40px;\"><p style=\"text-align: center;\"><em>Via Tre Settembre, 174<br \/>\n47891 Dogana<br \/>\nRepubblica di San Marino<\/em><\/p>\n<\/div><\/div><\/div><div class=\"fusion-layout-column fusion_builder_column fusion-builder-column-1 fusion_builder_column_2_3 2_3 fusion-flex-column\" style=\"--awb-bg-size:cover;--awb-width-large:66.666666666667%;--awb-margin-top-large:15px;--awb-spacing-right-large:2.88%;--awb-margin-bottom-large:15px;--awb-spacing-left-large:2.88%;--awb-width-medium:100%;--awb-order-medium:0;--awb-spacing-right-medium:1.92%;--awb-spacing-left-medium:1.92%;--awb-width-small:100%;--awb-order-small:0;--awb-spacing-right-small:1.92%;--awb-spacing-left-small:1.92%;\"><div class=\"fusion-column-wrapper fusion-column-has-shadow fusion-flex-justify-content-flex-start fusion-content-layout-column\"><div class=\"fusion-title title fusion-title-1 fusion-title-center fusion-title-text fusion-title-size-one\"><div class=\"title-sep-container title-sep-container-left\"><div class=\"title-sep sep- sep-solid\" style=\"border-color:var(--awb-color3);\"><\/div><\/div><span class=\"awb-title-spacer\"><\/span><h1 class=\"fusion-title-heading title-heading-center fusion-responsive-typography-calculated\" style=\"margin:0;--fontSize:50;line-height:var(--awb-typography1-line-height);\">Informazioni su MERCURI<\/h1><span class=\"awb-title-spacer\"><\/span><div class=\"title-sep-container title-sep-container-right\"><div class=\"title-sep sep- sep-solid\" style=\"border-color:var(--awb-color3);\"><\/div><\/div><\/div><div class=\"fusion-text fusion-text-2\"><p>MERCURI \u00e8 un&#8217;azienda con una lunga esperienza nel settore della moda dal 1995. Fondata a San Marino, si \u00e8 affermata come un partner affidabile, offrendo prodotti di alta qualit\u00e0 e un approccio personalizzato a ogni cliente.<\/p>\n<\/div><div class=\"fusion-text fusion-text-3\"><p>Oggi MERCURI \u00e8 specializzata in abbigliamento femminile di alta qualit\u00e0 dei principali marchi italiani Max Mara e Marina Rinaldi. I nostri prodotti sono disponibili sia online che nel nostro negozio fisico situato in Via Tre Settembre, 174, 47891 Dogana, Repubblica di San Marino.<br \/>\nGarantiamo l&#8217;autenticit\u00e0 dei nostri prodotti, una consegna puntuale e un servizio clienti eccezionale. Gli acquirenti possono essere certi di ricevere solo articoli originali delle ultime collezioni, conformi ai pi\u00f9 alti standard di qualit\u00e0 internazionali.<br \/>\nIl nostro negozio online \u00e8 stato progettato per offrire il massimo della comodit\u00e0, garantendo un&#8217;esperienza di acquisto fluida e sicura. Per chi preferisce una visita di persona, il nostro negozio a San Marino offre un&#8217;opportunit\u00e0 unica per toccare con mano la qualit\u00e0 e lo stile dei nostri prodotti.<\/p>\n<p><strong>MERCURI &#8211; la tua certezza di shopping di qualit\u00e0, prodotti autentici e servizio impeccabile<\/strong>.<\/p>\n<\/div><\/div><\/div><\/div><\/div>\n","protected":false},"excerpt":{"rendered":"","protected":false},"author":2,"featured_media":23810,"parent":0,"menu_order":0,"comment_status":"closed","ping_status":"closed","template":"","meta":{"footnotes":""},"class_list":["post-23830","page","type-page","status-publish","has-post-thumbnail","hentry"],"_links":{"self":[{"href":"https:\/\/mercurifashion.com\/it\/wp-json\/wp\/v2\/pages\/23830","targetHints":{"allow":["GET"]}}],"collection":[{"href":"https:\/\/mercurifashion.com\/it\/wp-json\/wp\/v2\/pages"}],"about":[{"href":"https:\/\/mercurifashion.com\/it\/wp-json\/wp\/v2\/types\/page"}],"author":[{"embeddable":true,"href":"https:\/\/mercurifashion.com\/it\/wp-json\/wp\/v2\/users\/2"}],"replies":[{"embeddable":true,"href":"https:\/\/mercurifashion.com\/it\/wp-json\/wp\/v2\/comments?post=23830"}],"version-history":[{"count":2,"href":"https:\/\/mercurifashion.com\/it\/wp-json\/wp\/v2\/pages\/23830\/revisions"}],"predecessor-version":[{"id":23832,"href":"https:\/\/mercurifashion.com\/it\/wp-json\/wp\/v2\/pages\/23830\/revisions\/23832"}],"wp:featuredmedia":[{"embeddable":true,"href":"https:\/\/mercurifashion.com\/it\/wp-json\/wp\/v2\/media\/23810"}],"wp:attachment":[{"href":"https:\/\/mercurifashion.com\/it\/wp-json\/wp\/v2\/media?parent=23830"}],"curies":[{"name":"wp","href":"https:\/\/api.w.org\/{rel}","templated":true}]}}