{"id":23219,"date":"2024-11-06T17:28:21","date_gmt":"2024-11-06T17:28:21","guid":{"rendered":"https:\/\/mercurifashion.com\/?post_type=product&#038;p=23219"},"modified":"2024-11-12T22:14:21","modified_gmt":"2024-11-12T22:14:21","slug":"max-mara-studio-gonna-nera-lemma","status":"publish","type":"product","link":"https:\/\/mercurifashion.com\/it\/product\/max-mara-studio-gonna-nera-lemma\/","title":{"rendered":"MAX MARA STUDIO: Gonna nera LEMMA"},"content":{"rendered":"","protected":false},"excerpt":{"rendered":"<p>La gonna &#8216;Lemma&#8217; di Max Mara Studio \u00e8 realizzata in elegante tessuto cady, offrendo una silhouette slanciata con sottili pieghe frontali. Progettata con chiusura a zip, gancio e bottone, include anche pratiche tasche laterali per maggiore comodit\u00e0. Uno spacco posteriore migliora la libert\u00e0 di movimento e il comfort. Questa classica gonna nera \u00e8 fedele alla taglia ed \u00e8 ideale per un look sofisticato e raffinato.<\/p>\n<p><strong>Composizione del tessuto<\/strong>:<br \/>\n71% triacetato, 29% poliestere.<\/p>\n","protected":false},"featured_media":22742,"comment_status":"open","ping_status":"closed","template":"","meta":[],"product_brand":[],"product_cat":[449,145],"product_tag":[],"class_list":{"0":"post-23219","1":"product","2":"type-product","3":"status-publish","4":"has-post-thumbnail","6":"product_cat-skirts-it","7":"product_cat-max-mara-it","9":"first","10":"instock","11":"shipping-taxable","12":"purchasable","13":"product-type-variable"},"_links":{"self":[{"href":"https:\/\/mercurifashion.com\/it\/wp-json\/wp\/v2\/product\/23219","targetHints":{"allow":["GET"]}}],"collection":[{"href":"https:\/\/mercurifashion.com\/it\/wp-json\/wp\/v2\/product"}],"about":[{"href":"https:\/\/mercurifashion.com\/it\/wp-json\/wp\/v2\/types\/product"}],"replies":[{"embeddable":true,"href":"https:\/\/mercurifashion.com\/it\/wp-json\/wp\/v2\/comments?post=23219"}],"wp:featuredmedia":[{"embeddable":true,"href":"https:\/\/mercurifashion.com\/it\/wp-json\/wp\/v2\/media\/22742"}],"wp:attachment":[{"href":"https:\/\/mercurifashion.com\/it\/wp-json\/wp\/v2\/media?parent=23219"}],"wp:term":[{"taxonomy":"product_brand","embeddable":true,"href":"https:\/\/mercurifashion.com\/it\/wp-json\/wp\/v2\/product_brand?post=23219"},{"taxonomy":"product_cat","embeddable":true,"href":"https:\/\/mercurifashion.com\/it\/wp-json\/wp\/v2\/product_cat?post=23219"},{"taxonomy":"product_tag","embeddable":true,"href":"https:\/\/mercurifashion.com\/it\/wp-json\/wp\/v2\/product_tag?post=23219"}],"curies":[{"name":"wp","href":"https:\/\/api.w.org\/{rel}","templated":true}]}}