{"id":23695,"date":"2024-11-17T17:35:02","date_gmt":"2024-11-17T17:35:02","guid":{"rendered":"https:\/\/mercurifashion.com\/?post_type=product&#038;p=23695"},"modified":"2024-11-17T17:44:34","modified_gmt":"2024-11-17T17:44:34","slug":"max-mara-studio-cappotto-marrone-in-alpaca-e-lana-usa","status":"publish","type":"product","link":"https:\/\/mercurifashion.com\/it\/product\/max-mara-studio-cappotto-marrone-in-alpaca-e-lana-usa\/","title":{"rendered":"MAX MARA STUDIO: Cappotto marrone in alpaca e lana USA"},"content":{"rendered":"<p><strong>Cappotto da donna stile vestaglia:<\/strong><br \/>\nBeaver in alpaca e lana vergine<br \/>\nManiche lunghe a kimono<br \/>\nChiusura frontale con cintura<br \/>\nCollo a scialle con scollatura a V<br \/>\nTasche laterali<br \/>\nFinitura sartoriale<br \/>\nFoderato<br \/>\nVestibilit\u00e0 regolare<br \/>\nColore: Marrone  <\/p>\n","protected":false},"excerpt":{"rendered":"<p>Questo cappotto marrone di Max Mara Studio combina alpaca e lana vergine. Dotato di chiusura a cintura, maniche a kimono e collo a scialle con scollatura a V, \u00e8 rifinito con dettagli sartoriali ed \u00e8 foderato per il massimo comfort. Un look intramontabile con vestibilit\u00e0 regolare.<\/p>\n<p><strong>Composizione<\/strong>:<br \/>\n70% alpaca, 30% lana vergine<br \/>\nFodera: 100% viscosa<\/p>\n","protected":false},"featured_media":23708,"comment_status":"open","ping_status":"closed","template":"","meta":[],"product_brand":[],"product_cat":[207,145],"product_tag":[],"class_list":{"0":"post-23695","1":"product","2":"type-product","3":"status-publish","4":"has-post-thumbnail","6":"product_cat-coat","7":"product_cat-max-mara-it","9":"first","10":"instock","11":"sale","12":"featured","13":"shipping-taxable","14":"purchasable","15":"product-type-variable"},"_links":{"self":[{"href":"https:\/\/mercurifashion.com\/it\/wp-json\/wp\/v2\/product\/23695","targetHints":{"allow":["GET"]}}],"collection":[{"href":"https:\/\/mercurifashion.com\/it\/wp-json\/wp\/v2\/product"}],"about":[{"href":"https:\/\/mercurifashion.com\/it\/wp-json\/wp\/v2\/types\/product"}],"replies":[{"embeddable":true,"href":"https:\/\/mercurifashion.com\/it\/wp-json\/wp\/v2\/comments?post=23695"}],"wp:featuredmedia":[{"embeddable":true,"href":"https:\/\/mercurifashion.com\/it\/wp-json\/wp\/v2\/media\/23708"}],"wp:attachment":[{"href":"https:\/\/mercurifashion.com\/it\/wp-json\/wp\/v2\/media?parent=23695"}],"wp:term":[{"taxonomy":"product_brand","embeddable":true,"href":"https:\/\/mercurifashion.com\/it\/wp-json\/wp\/v2\/product_brand?post=23695"},{"taxonomy":"product_cat","embeddable":true,"href":"https:\/\/mercurifashion.com\/it\/wp-json\/wp\/v2\/product_cat?post=23695"},{"taxonomy":"product_tag","embeddable":true,"href":"https:\/\/mercurifashion.com\/it\/wp-json\/wp\/v2\/product_tag?post=23695"}],"curies":[{"name":"wp","href":"https:\/\/api.w.org\/{rel}","templated":true}]}}