{"id":25028,"date":"2025-10-06T16:53:03","date_gmt":"2025-10-06T16:53:03","guid":{"rendered":"https:\/\/mercurifashion.com\/?post_type=product&#038;p=25028"},"modified":"2025-10-06T17:14:11","modified_gmt":"2025-10-06T17:14:11","slug":"max-mara-studio-gonna-oxiria","status":"publish","type":"product","link":"https:\/\/mercurifashion.com\/it\/product\/max-mara-studio-gonna-oxiria\/","title":{"rendered":"MAX MARA STUDIO: Gonna OXIRIA"},"content":{"rendered":"<ul>\n<li>Linea svasata<\/li>\n<li>Colore verde militare tinta unita<\/li>\n<li>Chiusura frontale con zip e doppio bottoncino dorato a pressione<\/li>\n<li>Due tasche laterali<\/li>\n<\/ul>\n","protected":false},"excerpt":{"rendered":"<p>La gonna svasata Oxiria della collezione Primavera\/Estate 2025 di Max Mara Studio esprime una femminilit\u00e0 moderna e raffinata. Realizzata in cotone estremamente morbido, presenta una luminosa tonalit\u00e0 verde militare che aggiunge vivacit\u00e0 e sofisticatezza. Una scelta versatile che si adatta con naturalezza dal giorno alla sera.<\/p>\n<p>Colore: KHAKI<br \/>\nComposizione del tessuto:<br \/>\n100% cotone.<\/p>\n","protected":false},"featured_media":25051,"comment_status":"open","ping_status":"closed","template":"","meta":[],"product_brand":[],"product_cat":[449,145],"product_tag":[],"class_list":{"0":"post-25028","1":"product","2":"type-product","3":"status-publish","4":"has-post-thumbnail","6":"product_cat-skirts-it","7":"product_cat-max-mara-it","9":"first","10":"instock","11":"shipping-taxable","12":"purchasable","13":"product-type-variable"},"_links":{"self":[{"href":"https:\/\/mercurifashion.com\/it\/wp-json\/wp\/v2\/product\/25028","targetHints":{"allow":["GET"]}}],"collection":[{"href":"https:\/\/mercurifashion.com\/it\/wp-json\/wp\/v2\/product"}],"about":[{"href":"https:\/\/mercurifashion.com\/it\/wp-json\/wp\/v2\/types\/product"}],"replies":[{"embeddable":true,"href":"https:\/\/mercurifashion.com\/it\/wp-json\/wp\/v2\/comments?post=25028"}],"wp:featuredmedia":[{"embeddable":true,"href":"https:\/\/mercurifashion.com\/it\/wp-json\/wp\/v2\/media\/25051"}],"wp:attachment":[{"href":"https:\/\/mercurifashion.com\/it\/wp-json\/wp\/v2\/media?parent=25028"}],"wp:term":[{"taxonomy":"product_brand","embeddable":true,"href":"https:\/\/mercurifashion.com\/it\/wp-json\/wp\/v2\/product_brand?post=25028"},{"taxonomy":"product_cat","embeddable":true,"href":"https:\/\/mercurifashion.com\/it\/wp-json\/wp\/v2\/product_cat?post=25028"},{"taxonomy":"product_tag","embeddable":true,"href":"https:\/\/mercurifashion.com\/it\/wp-json\/wp\/v2\/product_tag?post=25028"}],"curies":[{"name":"wp","href":"https:\/\/api.w.org\/{rel}","templated":true}]}}